{"id":10465,"date":"2024-02-22T13:22:22","date_gmt":"2024-02-22T10:22:22","guid":{"rendered":"https:\/\/kozanlarjeotermal.com.tr\/?page_id=10465"},"modified":"2024-02-22T13:31:22","modified_gmt":"2024-02-22T10:31:22","slug":"kataloglarimiz","status":"publish","type":"page","link":"https:\/\/kozanlarjeotermal.com.tr\/ru\/kataloglarimiz\/","title":{"rendered":"\u041d\u0430\u0448\u0438 \u043a\u0430\u0442\u0430\u043b\u043e\u0433\u0438"},"content":{"rendered":"<div data-elementor-type=\"wp-page\" data-elementor-id=\"10465\" class=\"elementor elementor-10465\" data-elementor-post-type=\"page\">\n\t\t\t\t\t\t<section class=\"elementor-section elementor-top-section elementor-element elementor-element-97755fe elementor-section-full_width elementor-section-height-default elementor-section-height-default\" data-id=\"97755fe\" data-element_type=\"section\" data-e-type=\"section\">\n\t\t\t\t\t\t<div class=\"elementor-container elementor-column-gap-default\">\n\t\t\t\t\t<div class=\"elementor-column elementor-col-100 elementor-top-column elementor-element elementor-element-0d95b45\" data-id=\"0d95b45\" data-element_type=\"column\" data-e-type=\"column\">\n\t\t\t<div class=\"elementor-widget-wrap elementor-element-populated\">\n\t\t\t\t\t\t<div class=\"elementor-element elementor-element-20f4d97 elementor-widget elementor-widget-spacer\" data-id=\"20f4d97\" data-element_type=\"widget\" data-e-type=\"widget\" data-widget_type=\"spacer.default\">\n\t\t\t\t<div class=\"elementor-widget-container\">\n\t\t\t\t\t\t\t<div class=\"elementor-spacer\">\n\t\t\t<div class=\"elementor-spacer-inner\"><\/div>\n\t\t<\/div>\n\t\t\t\t\t\t<\/div>\n\t\t\t\t<\/div>\n\t\t\t\t<div class=\"elementor-element elementor-element-4dfec0c elementor-widget elementor-widget-heading\" data-id=\"4dfec0c\" data-element_type=\"widget\" data-e-type=\"widget\" data-widget_type=\"heading.default\">\n\t\t\t\t<div class=\"elementor-widget-container\">\n\t\t\t\t\t<h2 class=\"elementor-heading-title elementor-size-default\">\u041d\u0410\u0428\u0418 \u041a\u0410\u0422\u0410\u041b\u041e\u0413\u0418<\/h2>\t\t\t\t<\/div>\n\t\t\t\t<\/div>\n\t\t\t\t<div class=\"elementor-element elementor-element-ed867b0 elementor-absolute elementor-widget elementor-widget-heading\" data-id=\"ed867b0\" data-element_type=\"widget\" data-e-type=\"widget\" data-settings=\"{&quot;_position&quot;:&quot;absolute&quot;}\" data-widget_type=\"heading.default\">\n\t\t\t\t<div class=\"elementor-widget-container\">\n\t\t\t\t\t<h2 class=\"elementor-heading-title elementor-size-default\">\u043c\u0435\u0434\u0438\u0430\u0446\u0435\u043d\u0442\u0440<\/h2>\t\t\t\t<\/div>\n\t\t\t\t<\/div>\n\t\t\t\t<section class=\"elementor-section elementor-inner-section elementor-element elementor-element-a9533a1 elementor-section-boxed elementor-section-height-default elementor-section-height-default\" data-id=\"a9533a1\" data-element_type=\"section\" data-e-type=\"section\" data-settings=\"{&quot;background_background&quot;:&quot;classic&quot;}\">\n\t\t\t\t\t\t<div class=\"elementor-container elementor-column-gap-default\">\n\t\t\t\t\t<div class=\"elementor-column elementor-col-100 elementor-inner-column elementor-element elementor-element-c2e9150\" data-id=\"c2e9150\" data-element_type=\"column\" data-e-type=\"column\">\n\t\t\t<div class=\"elementor-widget-wrap elementor-element-populated\">\n\t\t\t\t\t\t<div class=\"elementor-element elementor-element-f4e4a33 elementor-widget elementor-widget-spacer\" data-id=\"f4e4a33\" data-element_type=\"widget\" data-e-type=\"widget\" data-widget_type=\"spacer.default\">\n\t\t\t\t<div class=\"elementor-widget-container\">\n\t\t\t\t\t\t\t<div class=\"elementor-spacer\">\n\t\t\t<div class=\"elementor-spacer-inner\"><\/div>\n\t\t<\/div>\n\t\t\t\t\t\t<\/div>\n\t\t\t\t<\/div>\n\t\t\t\t\t<\/div>\n\t\t<\/div>\n\t\t\t\t\t<\/div>\n\t\t<\/section>\n\t\t\t\t<section class=\"elementor-section elementor-inner-section elementor-element elementor-element-6d4ef4b elementor-section-full_width elementor-section-height-default elementor-section-height-default\" data-id=\"6d4ef4b\" data-element_type=\"section\" data-e-type=\"section\" data-settings=\"{&quot;background_background&quot;:&quot;classic&quot;}\">\n\t\t\t\t\t\t<div class=\"elementor-container elementor-column-gap-default\">\n\t\t\t\t\t<div class=\"elementor-column elementor-col-25 elementor-inner-column elementor-element elementor-element-840fb43\" data-id=\"840fb43\" data-element_type=\"column\" data-e-type=\"column\">\n\t\t\t<div class=\"elementor-widget-wrap\">\n\t\t\t\t\t\t\t<\/div>\n\t\t<\/div>\n\t\t\t\t<div class=\"elementor-column elementor-col-25 elementor-inner-column elementor-element elementor-element-471e775\" data-id=\"471e775\" data-element_type=\"column\" data-e-type=\"column\">\n\t\t\t<div class=\"elementor-widget-wrap elementor-element-populated\">\n\t\t\t\t\t\t<div class=\"elementor-element elementor-element-032ebf8 elementor-widget-tablet__width-initial elementor-widget elementor-widget-spacer\" data-id=\"032ebf8\" data-element_type=\"widget\" data-e-type=\"widget\" data-widget_type=\"spacer.default\">\n\t\t\t\t<div class=\"elementor-widget-container\">\n\t\t\t\t\t\t\t<div class=\"elementor-spacer\">\n\t\t\t<div class=\"elementor-spacer-inner\"><\/div>\n\t\t<\/div>\n\t\t\t\t\t\t<\/div>\n\t\t\t\t<\/div>\n\t\t\t\t<div class=\"elementor-element elementor-element-46fdd20 elementor-widget elementor-widget-ucaddon_remote_tabs\" data-id=\"46fdd20\" data-element_type=\"widget\" data-e-type=\"widget\" data-widget_type=\"ucaddon_remote_tabs.default\">\n\t\t\t\t<div class=\"elementor-widget-container\">\n\t\t\t\t\t<!-- start Remote Tabs -->\n\t\t\t<style type=\"text\/css\">\/* widget: Remote Tabs *\/\n\n#uc_remote_tabs_elementor_46fdd20 .uc-items-wrapper{\n  display:flex;\n  \/* flex-wrap: wrap; *\/\n}\n\n#uc_remote_tabs_elementor_46fdd20 .ue-item\n{\n  transition:0.3s;\n  display:flex;\n  position:relative;\n}\n\n#uc_remote_tabs_elementor_46fdd20 .ue-item-text{\n  transition: all .3s;\n}\n\n#uc_remote_tabs_elementor_46fdd20 .ue-item-link\n{\n  transition:0.3s;\n  display:flex;\n  position:relative;\n}\n\n#uc_remote_tabs_elementor_46fdd20 .ue-item:hover\n{\n  cursor:pointer;\n}\n\n\n#uc_remote_tabs_elementor_46fdd20 .ue-item-icon\n{\n  display:inline-flex;\n  align-items:center;\n  justify-content:center;\n  flex-grow:0;\n  flex-shrink:0;\n}\n\n.ue-remote-tabs .ue-item-title\n{\n  transition: all .3s;\n  font-size:18px;\n}\n\n#uc_remote_tabs_elementor_46fdd20 .ue-item-icon\n{\n  line-height:1em;\n}\n\n#uc_remote_tabs_elementor_46fdd20 .ue-item-icon svg\n{\n  height:1em;\n  width:1em;\n}\n\n#uc_remote_tabs_elementor_46fdd20 .ue-item .ue-item-label\n{\n  position:absolute;\n  display:flex;\n  justify-content:center;\n  align-items:center;\n  transition:0.3s;\n}\n\n#uc_remote_tabs_elementor_46fdd20 .ue-item-image \n{\n  display:inline-flex;\n  flex-grow:0;\n  flex-shrink:0;\n  overflow:hidden;\n}\n\n#uc_remote_tabs_elementor_46fdd20 .ue-item-image img\n{\n  width:100%;\n}\n\n#uc_remote_tabs_elementor_46fdd20 .ue-item-element-gap\n{\n  flex-grow:0;\n  flex-shrink:0;\n}\n\n<\/style>\n\n\t\t\t<div id=\"uc_remote_tabs_elementor_46fdd20\" class=\"ue-remote-tabs\"  data-parentid='auto' data-set-hash=\"true\" data-scrolltohead=\"true\" data-scrolltohead-offset=\"0\" data-change-type=\"click\" >\n  <div class=\"uc-items-wrapper\">\n  \t\n\t\t\t\t\n\n\n<div id=\"ue-remote-tabs-ue-item-1\" class=\"ue-item elementor-animation-grow elementor-repeater-item-85b3e8b ue-item-active\" data-id=\"ue-item-1\" data-custom-hash=\"\" data-tab-number=\"\">\n    \n    \n      \n  <div>\n    <div class=\"ue-item-title\">\u0433\u0435\u043e\u0442\u0435\u0440\u043c\u0430\u043b\u044c\u043d\u044b\u0439<\/div>      <\/div>\n  \n    \n    \n<\/div>\n\n\n\n\n<div id=\"ue-remote-tabs-ue-item-2\" class=\"ue-item elementor-animation-grow elementor-repeater-item-c84a5c4\" data-id=\"ue-item-2\" data-custom-hash=\"\" data-tab-number=\"\">\n    \n    \n      \n  <div>\n    <div class=\"ue-item-title\">\u0421\u0418\u0421\u0422\u0415\u041c\u042b \u0422\u0415\u041f\u041b\u0418\u0427\u041d\u042b\u0425 \u0423\u0421\u0422\u0410\u041d\u041e\u0412\u041e\u041a<\/div>      <\/div>\n  \n    \n    \n<\/div>\n\n  <\/div>  \n<\/div>\n\t\t\t<!-- end Remote Tabs -->\t\t\t\t<\/div>\n\t\t\t\t<\/div>\n\t\t\t\t\t<\/div>\n\t\t<\/div>\n\t\t\t\t<div class=\"elementor-column elementor-col-25 elementor-inner-column elementor-element elementor-element-bb580ff\" data-id=\"bb580ff\" data-element_type=\"column\" data-e-type=\"column\">\n\t\t\t<div class=\"elementor-widget-wrap elementor-element-populated\">\n\t\t\t\t\t\t<div class=\"elementor-element elementor-element-31d85b9 elementor-widget__width-initial elementor-widget elementor-widget-ucaddon_content_carousel_new\" data-id=\"31d85b9\" data-element_type=\"widget\" data-e-type=\"widget\" data-widget_type=\"ucaddon_content_carousel_new.default\">\n\t\t\t\t<div class=\"elementor-widget-container\">\n\t\t\t\t\t<!-- start Content Carousel -->\n\t\t<link id='font-awesome-css' href='https:\/\/kozanlarjeotermal.com.tr\/wp-content\/plugins\/unlimited-elements-for-elementor-premium\/assets_libraries\/font-awesome5\/css\/fontawesome-all.min.css' type='text\/css' rel='stylesheet' >\n\t\t<link id='font-awesome-4-shim-css' href='https:\/\/kozanlarjeotermal.com.tr\/wp-content\/plugins\/unlimited-elements-for-elementor-premium\/assets_libraries\/font-awesome5\/css\/fontawesome-v4-shims.css' type='text\/css' rel='stylesheet' >\n\t\t<link id='owl-carousel-css' href='https:\/\/kozanlarjeotermal.com.tr\/wp-content\/plugins\/unlimited-elements-for-elementor-premium\/assets_libraries\/owl-carousel-new\/assets\/owl.carousel.css' type='text\/css' rel='stylesheet' >\n\t\t<link id='fancybox-css' href='https:\/\/kozanlarjeotermal.com.tr\/wp-content\/plugins\/unlimited-elements-for-elementor-premium\/assets_libraries\/fancybox3\/jquery.fancybox.min.css' type='text\/css' rel='stylesheet' >\n\n\t\t\t<style type=\"text\/css\">\/* widget: Content Carousel *\/\n\n.ue-content-carousel\n{\n  min-height:1px;\n}\n\n#uc_content_carousel_new_elementor_31d85b9 .ue-item\n{\n  transition:0.3s;\n  position:relative;\n}\n\n#uc_content_carousel_new_elementor_31d85b9 .carousel-image\n{\n  transition:0.3s;\n}\n#uc_content_carousel_new_elementor_31d85b9{\n  position:relative;\n  min-height:1px;\n}\n\n#uc_content_carousel_new_elementor_31d85b9 .ue-content-holder\n{\n  display:flex;\n  flex-direction:column;\n}\n\n#uc_content_carousel_new_elementor_31d85b9 .ue-btn-holder\n{\n  margin-top:auto;\n}\n\n#uc_content_carousel_new_elementor_31d85b9 .owl-nav .owl-prev{\n    position:absolute;\n    display:inline-block;\n    text-align:center;\n}\n#uc_content_carousel_new_elementor_31d85b9 .owl-nav .owl-next{\n  position:absolute;\n  display:inline-block;\n  text-align:center;\n}\n\n\n#uc_content_carousel_new_elementor_31d85b9 .owl-dots {\noverflow:hidden;\ntext-align:center;\n}\n\n#uc_content_carousel_new_elementor_31d85b9 .owl-dot {\nborder-radius:50%;\ndisplay:inline-block;\n}\n\n.uc_post_title{\n  font-size:21px;\n}\n\n\n\n\n#uc_content_carousel_new_elementor_31d85b9 .uc_image_carousel_container_holder{\n  overflow:hidden;\n}\n\n#uc_content_carousel_new_elementor_31d85b9 .uc_more_btn{\n  \n    display:inline-block;\n  text-decoration:none;\n  text-align:center;\n  transition:0.3s;\n}\n\n\n\n#uc_content_carousel_new_elementor_31d85b9 .uc_date{\n  color:gray;\n  padding-top:10px;\n  text-style:italic;\n}\n\n\n\n\n\n\n\n\n#uc_content_carousel_new_elementor_31d85b9 .ue-btn-inner-wrapper\n{\n  display:inline-flex;\n  align-items:center;\n}\n\n#uc_content_carousel_new_elementor_31d85b9 .ue-btn-inner-wrapper svg\n{\n  height:1em;\n  width:1em;\n}\n\n#uc_content_carousel_new_elementor_31d85b9 .uc_image_carousel_placeholder\n{\n  position:relative;\n}\n\n#uc_content_carousel_new_elementor_31d85b9 .ue_img_link\n{\n  display:block;\n  position:absolute;\n  top:0px;\n  right:0px;\n  left:0px;\n  bottom:0px;\n}\n\n<\/style>\n\n\t\t\t<div class=\"ue-content-carousel\" >\n   <div class=\"uc_carousel owl-carousel owl-theme uc-items-wrapper  uc-remote-parent\" id=\"uc_content_carousel_new_elementor_31d85b9\" data-lightbox=\"false\" data-equal-height=\"true\"  data-remoteid='auto' data-widgetname='Content Carousel' >\n   \t\t<div class=\"uc_image_carousel_container_holder ue-item\">\n  \n    <div class=\"uc_image_carousel_content content-padding ue-content-holder\">\n    \n        \n            \t\t<div data-elementor-type=\"page\" data-elementor-id=\"8699\" class=\"elementor elementor-8699\" data-elementor-post-type=\"elementor_library\">\n\t\t\t\t\t\t<section class=\"elementor-section elementor-top-section elementor-element elementor-element-3f3b2ef elementor-section-full_width elementor-section-height-default elementor-section-height-default\" data-id=\"3f3b2ef\" data-element_type=\"section\" data-e-type=\"section\">\n\t\t\t\t\t\t<div class=\"elementor-container elementor-column-gap-default\">\n\t\t\t\t\t<div class=\"elementor-column elementor-col-100 elementor-top-column elementor-element elementor-element-544524a\" data-id=\"544524a\" data-element_type=\"column\" data-e-type=\"column\">\n\t\t\t<div class=\"elementor-widget-wrap elementor-element-populated\">\n\t\t\t\t\t\t<section class=\"elementor-section elementor-inner-section elementor-element elementor-element-ed6e53e elementor-section-boxed elementor-section-height-default elementor-section-height-default\" data-id=\"ed6e53e\" data-element_type=\"section\" data-e-type=\"section\">\n\t\t\t\t\t\t<div class=\"elementor-container elementor-column-gap-default\">\n\t\t\t\t\t<div class=\"elementor-column elementor-col-50 elementor-inner-column elementor-element elementor-element-63d0526\" data-id=\"63d0526\" data-element_type=\"column\" data-e-type=\"column\">\n\t\t\t<div class=\"elementor-widget-wrap elementor-element-populated\">\n\t\t\t\t\t\t<div class=\"elementor-element elementor-element-d911259 elementor-widget elementor-widget-text-editor\" data-id=\"d911259\" data-element_type=\"widget\" data-e-type=\"widget\" data-widget_type=\"text-editor.default\">\n\t\t\t\t<div class=\"elementor-widget-container\">\n\t\t\t\t\t\t\t\t\t<p>Jeotermal katalo\u011fumuz.<\/p>\t\t\t\t\t\t\t\t<\/div>\n\t\t\t\t<\/div>\n\t\t\t\t\t<\/div>\n\t\t<\/div>\n\t\t\t\t<div class=\"elementor-column elementor-col-50 elementor-inner-column elementor-element elementor-element-720f6ea\" data-id=\"720f6ea\" data-element_type=\"column\" data-e-type=\"column\">\n\t\t\t<div class=\"elementor-widget-wrap elementor-element-populated\">\n\t\t\t\t\t\t<div class=\"elementor-element elementor-element-8616fbd elementor-align-center elementor-icon-list--layout-traditional elementor-list-item-link-full_width elementor-widget elementor-widget-icon-list\" data-id=\"8616fbd\" data-element_type=\"widget\" data-e-type=\"widget\" data-widget_type=\"icon-list.default\">\n\t\t\t\t<div class=\"elementor-widget-container\">\n\t\t\t\t\t\t\t<ul class=\"elementor-icon-list-items\">\n\t\t\t\t\t\t\t<li class=\"elementor-icon-list-item\">\n\t\t\t\t\t\t\t\t\t\t\t<a href=\"https:\/\/kozanlarjeotermal.com.tr\/wp-content\/uploads\/2024\/04\/kozanlar_JEOTERMAL_KATALOG___TURKCE.pdf\" target=\"_blank\">\n\n\t\t\t\t\t\t\t\t\t\t\t\t<span class=\"elementor-icon-list-icon\">\n\t\t\t\t\t\t\t<i aria-hidden=\"true\" class=\"fas fa-file-download\"><\/i>\t\t\t\t\t\t<\/span>\n\t\t\t\t\t\t\t\t\t\t<span class=\"elementor-icon-list-text\">Katalo\u011fu \u0130ndir<\/span>\n\t\t\t\t\t\t\t\t\t\t\t<\/a>\n\t\t\t\t\t\t\t\t\t<\/li>\n\t\t\t\t\t\t<\/ul>\n\t\t\t\t\t\t<\/div>\n\t\t\t\t<\/div>\n\t\t\t\t\t<\/div>\n\t\t<\/div>\n\t\t\t\t\t<\/div>\n\t\t<\/section>\n\t\t\t\t<div class=\"elementor-element elementor-element-b9fb764 elementor-widget elementor-widget-shortcode\" data-id=\"b9fb764\" data-element_type=\"widget\" data-e-type=\"widget\" data-widget_type=\"shortcode.default\">\n\t\t\t\t<div class=\"elementor-widget-container\">\n\t\t\t\t\t\t\t<div class=\"elementor-shortcode\"><div class=\"_df_book df-lite\" id=\"df_9095\"  _slug=\"jeotermal\" data-title=\"jeotermal\" wpoptions=\"true\" thumb=\"https:\/\/kozanlarjeotermal.com.tr\/wp-content\/uploads\/2024\/01\/geothermal-energy.png\" thumbtype=\"\" ><\/div><script class=\"df-shortcode-script\" nowprocket type=\"application\/javascript\">window.option_df_9095 = {\"outline\":[],\"autoEnableOutline\":\"false\",\"autoEnableThumbnail\":\"false\",\"overwritePDFOutline\":\"false\",\"direction\":\"1\",\"pageSize\":\"0\",\"source\":\"https:\\\/\\\/kozanlarjeotermal.com.tr\\\/wp-content\\\/uploads\\\/2024\\\/04\\\/kozanlar_JEOTERMAL_KATALOG___TURKCE.pdf\",\"wpOptions\":\"true\"}; if(window.DFLIP && window.DFLIP.parseBooks){window.DFLIP.parseBooks();}<\/script><\/div>\n\t\t\t\t\t\t<\/div>\n\t\t\t\t<\/div>\n\t\t\t\t\t<\/div>\n\t\t<\/div>\n\t\t\t\t\t<\/div>\n\t\t<\/section>\n\t\t\t\t<\/div>\n\t\t\n      <\/div>\n  <\/div>\n<div class=\"uc_image_carousel_container_holder ue-item\">\n  \n    <div class=\"uc_image_carousel_content content-padding ue-content-holder\">\n    \n        \n            \t\t<div data-elementor-type=\"page\" data-elementor-id=\"8702\" class=\"elementor elementor-8702\" data-elementor-post-type=\"elementor_library\">\n\t\t\t\t\t\t<section class=\"elementor-section elementor-top-section elementor-element elementor-element-fe99095 elementor-section-full_width elementor-section-height-default elementor-section-height-default\" data-id=\"fe99095\" data-element_type=\"section\" data-e-type=\"section\">\n\t\t\t\t\t\t<div class=\"elementor-container elementor-column-gap-default\">\n\t\t\t\t\t<div class=\"elementor-column elementor-col-100 elementor-top-column elementor-element elementor-element-7751672\" data-id=\"7751672\" data-element_type=\"column\" data-e-type=\"column\">\n\t\t\t<div class=\"elementor-widget-wrap elementor-element-populated\">\n\t\t\t\t\t\t<section class=\"elementor-section elementor-inner-section elementor-element elementor-element-22c4e88 elementor-section-boxed elementor-section-height-default elementor-section-height-default\" data-id=\"22c4e88\" data-element_type=\"section\" data-e-type=\"section\">\n\t\t\t\t\t\t<div class=\"elementor-container elementor-column-gap-default\">\n\t\t\t\t\t<div class=\"elementor-column elementor-col-50 elementor-inner-column elementor-element elementor-element-48b72f3\" data-id=\"48b72f3\" data-element_type=\"column\" data-e-type=\"column\">\n\t\t\t<div class=\"elementor-widget-wrap elementor-element-populated\">\n\t\t\t\t\t\t<div class=\"elementor-element elementor-element-f972c8e elementor-widget elementor-widget-text-editor\" data-id=\"f972c8e\" data-element_type=\"widget\" data-e-type=\"widget\" data-widget_type=\"text-editor.default\">\n\t\t\t\t<div class=\"elementor-widget-container\">\n\t\t\t\t\t\t\t\t\t<p>Tar\u0131m katalo\u011fumuz.<\/p>\t\t\t\t\t\t\t\t<\/div>\n\t\t\t\t<\/div>\n\t\t\t\t\t<\/div>\n\t\t<\/div>\n\t\t\t\t<div class=\"elementor-column elementor-col-50 elementor-inner-column elementor-element elementor-element-78911a5\" data-id=\"78911a5\" data-element_type=\"column\" data-e-type=\"column\">\n\t\t\t<div class=\"elementor-widget-wrap elementor-element-populated\">\n\t\t\t\t\t\t<div class=\"elementor-element elementor-element-3a82f36 elementor-align-center elementor-icon-list--layout-traditional elementor-list-item-link-full_width elementor-widget elementor-widget-icon-list\" data-id=\"3a82f36\" data-element_type=\"widget\" data-e-type=\"widget\" data-widget_type=\"icon-list.default\">\n\t\t\t\t<div class=\"elementor-widget-container\">\n\t\t\t\t\t\t\t<ul class=\"elementor-icon-list-items\">\n\t\t\t\t\t\t\t<li class=\"elementor-icon-list-item\">\n\t\t\t\t\t\t\t\t\t\t\t<a href=\"https:\/\/kozanlarjeotermal.com.tr\/wp-content\/uploads\/2024\/02\/KOZANLAR_SERA_KATALOG_081121.pdf\" target=\"_blank\">\n\n\t\t\t\t\t\t\t\t\t\t\t\t<span class=\"elementor-icon-list-icon\">\n\t\t\t\t\t\t\t<i aria-hidden=\"true\" class=\"fas fa-file-download\"><\/i>\t\t\t\t\t\t<\/span>\n\t\t\t\t\t\t\t\t\t\t<span class=\"elementor-icon-list-text\">Katalo\u011fu \u0130ndir<\/span>\n\t\t\t\t\t\t\t\t\t\t\t<\/a>\n\t\t\t\t\t\t\t\t\t<\/li>\n\t\t\t\t\t\t<\/ul>\n\t\t\t\t\t\t<\/div>\n\t\t\t\t<\/div>\n\t\t\t\t\t<\/div>\n\t\t<\/div>\n\t\t\t\t\t<\/div>\n\t\t<\/section>\n\t\t\t\t<div class=\"elementor-element elementor-element-0076493 elementor-widget elementor-widget-shortcode\" data-id=\"0076493\" data-element_type=\"widget\" data-e-type=\"widget\" data-widget_type=\"shortcode.default\">\n\t\t\t\t<div class=\"elementor-widget-container\">\n\t\t\t\t\t\t\t<div class=\"elementor-shortcode\"><div class=\"_df_book df-lite\" id=\"df_9098\"  _slug=\"sera\" data-title=\"sera\" wpoptions=\"true\" thumb=\"https:\/\/kozanlarjeotermal.com.tr\/wp-content\/uploads\/2024\/01\/shovel.png\" thumbtype=\"\" ><\/div><script class=\"df-shortcode-script\" nowprocket type=\"application\/javascript\">window.option_df_9098 = {\"outline\":[],\"autoEnableOutline\":\"false\",\"autoEnableThumbnail\":\"false\",\"overwritePDFOutline\":\"false\",\"direction\":\"1\",\"pageSize\":\"0\",\"source\":\"https:\\\/\\\/kozanlarjeotermal.com.tr\\\/wp-content\\\/uploads\\\/2024\\\/02\\\/KOZANLAR_SERA_KATALOG_081121.pdf\",\"wpOptions\":\"true\"}; if(window.DFLIP && window.DFLIP.parseBooks){window.DFLIP.parseBooks();}<\/script><\/div>\n\t\t\t\t\t\t<\/div>\n\t\t\t\t<\/div>\n\t\t\t\t\t<\/div>\n\t\t<\/div>\n\t\t\t\t\t<\/div>\n\t\t<\/section>\n\t\t\t\t<\/div>\n\t\t\n      <\/div>\n  <\/div>\n\n   <\/div>\t\n<\/div>\n\t\t\t<!-- end Content Carousel -->\t\t\t\t<\/div>\n\t\t\t\t<\/div>\n\t\t\t\t\t<\/div>\n\t\t<\/div>\n\t\t\t\t<div class=\"elementor-column elementor-col-25 elementor-inner-column elementor-element elementor-element-9bf5682\" data-id=\"9bf5682\" data-element_type=\"column\" data-e-type=\"column\">\n\t\t\t<div class=\"elementor-widget-wrap\">\n\t\t\t\t\t\t\t<\/div>\n\t\t<\/div>\n\t\t\t\t\t<\/div>\n\t\t<\/section>\n\t\t\t\t<section class=\"elementor-section elementor-inner-section elementor-element elementor-element-ed4b288 elementor-section-boxed elementor-section-height-default elementor-section-height-default\" data-id=\"ed4b288\" data-element_type=\"section\" data-e-type=\"section\" data-settings=\"{&quot;background_background&quot;:&quot;classic&quot;,&quot;shape_divider_bottom&quot;:&quot;tilt&quot;}\">\n\t\t\t\t\t<div class=\"elementor-shape elementor-shape-bottom\" aria-hidden=\"true\" data-negative=\"false\">\n\t\t\t<svg xmlns=\"http:\/\/www.w3.org\/2000\/svg\" viewbox=\"0 0 1000 100\" preserveaspectratio=\"none\">\n\t<path class=\"elementor-shape-fill\" d=\"M0,6V0h1000v100L0,6z\"\/>\n<\/svg>\t\t<\/div>\n\t\t\t\t\t<div class=\"elementor-container elementor-column-gap-default\">\n\t\t\t\t\t<div class=\"elementor-column elementor-col-100 elementor-inner-column elementor-element elementor-element-94ab5bc\" data-id=\"94ab5bc\" data-element_type=\"column\" data-e-type=\"column\">\n\t\t\t<div class=\"elementor-widget-wrap elementor-element-populated\">\n\t\t\t\t\t\t<div class=\"elementor-element elementor-element-f357ed1 elementor-widget elementor-widget-spacer\" data-id=\"f357ed1\" data-element_type=\"widget\" data-e-type=\"widget\" data-widget_type=\"spacer.default\">\n\t\t\t\t<div class=\"elementor-widget-container\">\n\t\t\t\t\t\t\t<div class=\"elementor-spacer\">\n\t\t\t<div class=\"elementor-spacer-inner\"><\/div>\n\t\t<\/div>\n\t\t\t\t\t\t<\/div>\n\t\t\t\t<\/div>\n\t\t\t\t\t<\/div>\n\t\t<\/div>\n\t\t\t\t\t<\/div>\n\t\t<\/section>\n\t\t\t\t\t<\/div>\n\t\t<\/div>\n\t\t\t\t\t<\/div>\n\t\t<\/section>\n\t\t\t\t<\/div>","protected":false},"excerpt":{"rendered":"<p>KATALOGLARIMIZ MEDYA MERKEZ\u0130 JEOTERMAL SERA KURULUM S\u0130STEMLER\u0130 Jeotermal katalo\u011fumuz. Katalo\u011fu \u0130ndir Tar\u0131m katalo\u011fumuz. Katalo\u011fu \u0130ndir<\/p>","protected":false},"author":1,"featured_media":0,"parent":0,"menu_order":0,"comment_status":"closed","ping_status":"closed","template":"page-templates\/template-pagebuilder-full-width.php","meta":{"neve_meta_sidebar":"","neve_meta_container":"","neve_meta_enable_content_width":"","neve_meta_content_width":0,"neve_meta_title_alignment":"","neve_meta_author_avatar":"","neve_post_elements_order":"","neve_meta_disable_header":"","neve_meta_disable_footer":"","neve_meta_disable_title":"","footnotes":""},"class_list":["post-10465","page","type-page","status-publish","hentry"],"_links":{"self":[{"href":"https:\/\/kozanlarjeotermal.com.tr\/ru\/wp-json\/wp\/v2\/pages\/10465","targetHints":{"allow":["GET"]}}],"collection":[{"href":"https:\/\/kozanlarjeotermal.com.tr\/ru\/wp-json\/wp\/v2\/pages"}],"about":[{"href":"https:\/\/kozanlarjeotermal.com.tr\/ru\/wp-json\/wp\/v2\/types\/page"}],"author":[{"embeddable":true,"href":"https:\/\/kozanlarjeotermal.com.tr\/ru\/wp-json\/wp\/v2\/users\/1"}],"replies":[{"embeddable":true,"href":"https:\/\/kozanlarjeotermal.com.tr\/ru\/wp-json\/wp\/v2\/comments?post=10465"}],"version-history":[{"count":0,"href":"https:\/\/kozanlarjeotermal.com.tr\/ru\/wp-json\/wp\/v2\/pages\/10465\/revisions"}],"wp:attachment":[{"href":"https:\/\/kozanlarjeotermal.com.tr\/ru\/wp-json\/wp\/v2\/media?parent=10465"}],"curies":[{"name":"wp","href":"https:\/\/api.w.org\/{rel}","templated":true}]}}