{"id":10482,"date":"2024-02-22T13:25:20","date_gmt":"2024-02-22T10:25:20","guid":{"rendered":"https:\/\/kozanlarjeotermal.com.tr\/?page_id=10482"},"modified":"2024-08-27T13:41:24","modified_gmt":"2024-08-27T10:41:24","slug":"kurumsal-kimlik","status":"publish","type":"page","link":"https:\/\/kozanlarjeotermal.com.tr\/ru\/kurumsal-kimlik\/","title":{"rendered":"\u0424\u0438\u0440\u043c\u0435\u043d\u043d\u044b\u0439 \u0441\u0442\u0438\u043b\u044c"},"content":{"rendered":"<div data-elementor-type=\"wp-page\" data-elementor-id=\"10482\" class=\"elementor elementor-10482\" data-elementor-post-type=\"page\">\n\t\t\t\t\t\t<section class=\"elementor-section elementor-top-section elementor-element elementor-element-1714d92 elementor-section-full_width elementor-section-height-default elementor-section-height-default\" data-id=\"1714d92\" data-element_type=\"section\" data-e-type=\"section\">\n\t\t\t\t\t\t<div class=\"elementor-container elementor-column-gap-default\">\n\t\t\t\t\t<div class=\"elementor-column elementor-col-100 elementor-top-column elementor-element elementor-element-b626eee\" data-id=\"b626eee\" data-element_type=\"column\" data-e-type=\"column\">\n\t\t\t<div class=\"elementor-widget-wrap elementor-element-populated\">\n\t\t\t\t\t\t<div class=\"elementor-element elementor-element-fbec4ab elementor-widget elementor-widget-spacer\" data-id=\"fbec4ab\" data-element_type=\"widget\" data-e-type=\"widget\" data-widget_type=\"spacer.default\">\n\t\t\t\t<div class=\"elementor-widget-container\">\n\t\t\t\t\t\t\t<div class=\"elementor-spacer\">\n\t\t\t<div class=\"elementor-spacer-inner\"><\/div>\n\t\t<\/div>\n\t\t\t\t\t\t<\/div>\n\t\t\t\t<\/div>\n\t\t\t\t<div class=\"elementor-element elementor-element-0abbde8 elementor-widget elementor-widget-heading\" data-id=\"0abbde8\" data-element_type=\"widget\" data-e-type=\"widget\" data-widget_type=\"heading.default\">\n\t\t\t\t<div class=\"elementor-widget-container\">\n\t\t\t\t\t<h2 class=\"elementor-heading-title elementor-size-default\">\u0424\u0438\u0440\u043c\u0435\u043d\u043d\u044b\u0439 \u0441\u0442\u0438\u043b\u044c<\/h2>\t\t\t\t<\/div>\n\t\t\t\t<\/div>\n\t\t\t\t<div class=\"elementor-element elementor-element-f5e9820 elementor-absolute elementor-widget elementor-widget-heading\" data-id=\"f5e9820\" data-element_type=\"widget\" data-e-type=\"widget\" data-settings=\"{&quot;_position&quot;:&quot;absolute&quot;}\" data-widget_type=\"heading.default\">\n\t\t\t\t<div class=\"elementor-widget-container\">\n\t\t\t\t\t<h2 class=\"elementor-heading-title elementor-size-default\">\u043c\u0435\u0434\u0438\u0430\u0446\u0435\u043d\u0442\u0440<\/h2>\t\t\t\t<\/div>\n\t\t\t\t<\/div>\n\t\t\t\t<section class=\"elementor-section elementor-inner-section elementor-element elementor-element-6769e53 elementor-section-boxed elementor-section-height-default elementor-section-height-default\" data-id=\"6769e53\" data-element_type=\"section\" data-e-type=\"section\" data-settings=\"{&quot;background_background&quot;:&quot;classic&quot;}\">\n\t\t\t\t\t\t<div class=\"elementor-container elementor-column-gap-default\">\n\t\t\t\t\t<div class=\"elementor-column elementor-col-100 elementor-inner-column elementor-element elementor-element-b55b224\" data-id=\"b55b224\" data-element_type=\"column\" data-e-type=\"column\">\n\t\t\t<div class=\"elementor-widget-wrap elementor-element-populated\">\n\t\t\t\t\t\t<div class=\"elementor-element elementor-element-ad5fd2f elementor-widget elementor-widget-spacer\" data-id=\"ad5fd2f\" data-element_type=\"widget\" data-e-type=\"widget\" data-widget_type=\"spacer.default\">\n\t\t\t\t<div class=\"elementor-widget-container\">\n\t\t\t\t\t\t\t<div class=\"elementor-spacer\">\n\t\t\t<div class=\"elementor-spacer-inner\"><\/div>\n\t\t<\/div>\n\t\t\t\t\t\t<\/div>\n\t\t\t\t<\/div>\n\t\t\t\t\t<\/div>\n\t\t<\/div>\n\t\t\t\t\t<\/div>\n\t\t<\/section>\n\t\t\t\t<section class=\"elementor-section elementor-inner-section elementor-element elementor-element-3e55904 elementor-section-boxed elementor-section-height-default elementor-section-height-default\" data-id=\"3e55904\" data-element_type=\"section\" data-e-type=\"section\" data-settings=\"{&quot;background_background&quot;:&quot;classic&quot;}\">\n\t\t\t\t\t\t<div class=\"elementor-container elementor-column-gap-default\">\n\t\t\t\t\t<div class=\"elementor-column elementor-col-14 elementor-inner-column elementor-element elementor-element-2651e76\" data-id=\"2651e76\" data-element_type=\"column\" data-e-type=\"column\">\n\t\t\t<div class=\"elementor-widget-wrap\">\n\t\t\t\t\t\t\t<\/div>\n\t\t<\/div>\n\t\t\t\t<div class=\"elementor-column elementor-col-14 elementor-inner-column elementor-element elementor-element-0cb0cc2\" data-id=\"0cb0cc2\" data-element_type=\"column\" data-e-type=\"column\">\n\t\t\t<div class=\"elementor-widget-wrap elementor-element-populated\">\n\t\t\t\t\t\t<div class=\"elementor-element elementor-element-56b7b0f elementor-widget elementor-widget-heading\" data-id=\"56b7b0f\" data-element_type=\"widget\" data-e-type=\"widget\" data-widget_type=\"heading.default\">\n\t\t\t\t<div class=\"elementor-widget-container\">\n\t\t\t\t\t<h2 class=\"elementor-heading-title elementor-size-default\">KOZANLAR GRUP<\/h2>\t\t\t\t<\/div>\n\t\t\t\t<\/div>\n\t\t\t\t<div class=\"elementor-element elementor-element-a8482fe elementor-widget elementor-widget-text-editor\" data-id=\"a8482fe\" data-element_type=\"widget\" data-e-type=\"widget\" data-widget_type=\"text-editor.default\">\n\t\t\t\t<div class=\"elementor-widget-container\">\n\t\t\t\t\t\t\t\t\t<p>\u0424\u0438\u0440\u043c\u0435\u043d\u043d\u044b\u0439 \u0441\u0442\u0438\u043b\u044c<\/p>\t\t\t\t\t\t\t\t<\/div>\n\t\t\t\t<\/div>\n\t\t\t\t<div class=\"elementor-element elementor-element-6ba8872 elementor-widget elementor-widget-image\" data-id=\"6ba8872\" data-element_type=\"widget\" data-e-type=\"widget\" data-widget_type=\"image.default\">\n\t\t\t\t<div class=\"elementor-widget-container\">\n\t\t\t\t\t\t\t\t\t\t\t\t\t\t\t\t<a href=\"https:\/\/kozanlarjeotermal.com.tr\/wp-content\/uploads\/2024\/08\/logogrupr-e1724755268666.png\" data-elementor-open-lightbox=\"yes\" data-elementor-lightbox-title=\"logogrupr\" data-e-action-hash=\"#elementor-action%3Aaction%3Dlightbox%26settings%3DeyJpZCI6MTIzMjYsInVybCI6Imh0dHBzOlwvXC9rb3phbmxhcmplb3Rlcm1hbC5jb20udHJcL3dwLWNvbnRlbnRcL3VwbG9hZHNcLzIwMjRcLzA4XC9sb2dvZ3J1cHItZTE3MjQ3NTUyNjg2NjYucG5nIn0%3D\">\n\t\t\t\t\t\t\t<img fetchpriority=\"high\" decoding=\"async\" width=\"2048\" height=\"1003\" src=\"https:\/\/kozanlarjeotermal.com.tr\/wp-content\/uploads\/2024\/08\/logogrupr-e1724755268666-2048x1003.png\" class=\"attachment-2048x2048 size-2048x2048 wp-image-12326\" alt=\"\" srcset=\"https:\/\/kozanlarjeotermal.com.tr\/wp-content\/uploads\/2024\/08\/logogrupr-e1724755268666-2048x1003.png 2048w, https:\/\/kozanlarjeotermal.com.tr\/wp-content\/uploads\/2024\/08\/logogrupr-e1724755268666-300x147.png 300w, https:\/\/kozanlarjeotermal.com.tr\/wp-content\/uploads\/2024\/08\/logogrupr-e1724755268666-1024x502.png 1024w, https:\/\/kozanlarjeotermal.com.tr\/wp-content\/uploads\/2024\/08\/logogrupr-e1724755268666-768x376.png 768w, https:\/\/kozanlarjeotermal.com.tr\/wp-content\/uploads\/2024\/08\/logogrupr-e1724755268666-1536x752.png 1536w, https:\/\/kozanlarjeotermal.com.tr\/wp-content\/uploads\/2024\/08\/logogrupr-e1724755268666-18x9.png 18w\" sizes=\"(max-width: 2048px) 100vw, 2048px\" \/>\t\t\t\t\t\t\t\t<\/a>\n\t\t\t\t\t\t\t\t\t\t\t\t\t\t\t<\/div>\n\t\t\t\t<\/div>\n\t\t\t\t\t<\/div>\n\t\t<\/div>\n\t\t\t\t<div class=\"elementor-column elementor-col-14 elementor-inner-column elementor-element elementor-element-14d509a\" data-id=\"14d509a\" data-element_type=\"column\" data-e-type=\"column\">\n\t\t\t<div class=\"elementor-widget-wrap\">\n\t\t\t\t\t\t\t<\/div>\n\t\t<\/div>\n\t\t\t\t<div class=\"elementor-column elementor-col-14 elementor-inner-column elementor-element elementor-element-6bc8382\" data-id=\"6bc8382\" data-element_type=\"column\" data-e-type=\"column\">\n\t\t\t<div class=\"elementor-widget-wrap elementor-element-populated\">\n\t\t\t\t\t\t<div class=\"elementor-element elementor-element-54c8845 elementor-widget elementor-widget-heading\" data-id=\"54c8845\" data-element_type=\"widget\" data-e-type=\"widget\" data-widget_type=\"heading.default\">\n\t\t\t\t<div class=\"elementor-widget-container\">\n\t\t\t\t\t<h2 class=\"elementor-heading-title elementor-size-default\">\u0433\u0435\u043e\u0442\u0435\u0440\u043c\u0430\u043b\u044c\u043d\u044b\u0439<\/h2>\t\t\t\t<\/div>\n\t\t\t\t<\/div>\n\t\t\t\t<div class=\"elementor-element elementor-element-529f0ad elementor-widget elementor-widget-text-editor\" data-id=\"529f0ad\" data-element_type=\"widget\" data-e-type=\"widget\" data-widget_type=\"text-editor.default\">\n\t\t\t\t<div class=\"elementor-widget-container\">\n\t\t\t\t\t\t\t\t\t<p>\u0424\u0438\u0440\u043c\u0435\u043d\u043d\u044b\u0439 \u0441\u0442\u0438\u043b\u044c<\/p>\t\t\t\t\t\t\t\t<\/div>\n\t\t\t\t<\/div>\n\t\t\t\t<div class=\"elementor-element elementor-element-b694636 elementor-widget elementor-widget-image\" data-id=\"b694636\" data-element_type=\"widget\" data-e-type=\"widget\" data-widget_type=\"image.default\">\n\t\t\t\t<div class=\"elementor-widget-container\">\n\t\t\t\t\t\t\t\t\t\t\t\t\t\t\t\t<a href=\"https:\/\/kozanlarjeotermal.com.tr\/wp-content\/uploads\/2024\/03\/webjeotermal.png\" data-elementor-open-lightbox=\"yes\" data-elementor-lightbox-title=\"webjeotermal\" data-e-action-hash=\"#elementor-action%3Aaction%3Dlightbox%26settings%3DeyJpZCI6MTA1OTksInVybCI6Imh0dHBzOlwvXC9rb3phbmxhcmplb3Rlcm1hbC5jb20udHJcL3dwLWNvbnRlbnRcL3VwbG9hZHNcLzIwMjRcLzAzXC93ZWJqZW90ZXJtYWwucG5nIn0%3D\">\n\t\t\t\t\t\t\t<img decoding=\"async\" width=\"2048\" height=\"561\" src=\"https:\/\/kozanlarjeotermal.com.tr\/wp-content\/uploads\/2024\/03\/webjeotermal-2048x561.png\" class=\"attachment-2048x2048 size-2048x2048 wp-image-10599\" alt=\"\" srcset=\"https:\/\/kozanlarjeotermal.com.tr\/wp-content\/uploads\/2024\/03\/webjeotermal-2048x561.png 2048w, https:\/\/kozanlarjeotermal.com.tr\/wp-content\/uploads\/2024\/03\/webjeotermal-300x82.png 300w, https:\/\/kozanlarjeotermal.com.tr\/wp-content\/uploads\/2024\/03\/webjeotermal-1024x281.png 1024w, https:\/\/kozanlarjeotermal.com.tr\/wp-content\/uploads\/2024\/03\/webjeotermal-768x210.png 768w, https:\/\/kozanlarjeotermal.com.tr\/wp-content\/uploads\/2024\/03\/webjeotermal-1536x421.png 1536w\" sizes=\"(max-width: 2048px) 100vw, 2048px\" \/>\t\t\t\t\t\t\t\t<\/a>\n\t\t\t\t\t\t\t\t\t\t\t\t\t\t\t<\/div>\n\t\t\t\t<\/div>\n\t\t\t\t\t<\/div>\n\t\t<\/div>\n\t\t\t\t<div class=\"elementor-column elementor-col-14 elementor-inner-column elementor-element elementor-element-b827b4b\" data-id=\"b827b4b\" data-element_type=\"column\" data-e-type=\"column\">\n\t\t\t<div class=\"elementor-widget-wrap\">\n\t\t\t\t\t\t\t<\/div>\n\t\t<\/div>\n\t\t\t\t<div class=\"elementor-column elementor-col-14 elementor-inner-column elementor-element elementor-element-29930c4\" data-id=\"29930c4\" data-element_type=\"column\" data-e-type=\"column\">\n\t\t\t<div class=\"elementor-widget-wrap elementor-element-populated\">\n\t\t\t\t\t\t<div class=\"elementor-element elementor-element-638febe elementor-widget elementor-widget-heading\" data-id=\"638febe\" data-element_type=\"widget\" data-e-type=\"widget\" data-widget_type=\"heading.default\">\n\t\t\t\t<div class=\"elementor-widget-container\">\n\t\t\t\t\t<h2 class=\"elementor-heading-title elementor-size-default\">DG\u0130<\/h2>\t\t\t\t<\/div>\n\t\t\t\t<\/div>\n\t\t\t\t<div class=\"elementor-element elementor-element-ada217c elementor-widget elementor-widget-text-editor\" data-id=\"ada217c\" data-element_type=\"widget\" data-e-type=\"widget\" data-widget_type=\"text-editor.default\">\n\t\t\t\t<div class=\"elementor-widget-container\">\n\t\t\t\t\t\t\t\t\t<p>\u0424\u0438\u0440\u043c\u0435\u043d\u043d\u044b\u0439 \u0441\u0442\u0438\u043b\u044c<\/p>\t\t\t\t\t\t\t\t<\/div>\n\t\t\t\t<\/div>\n\t\t\t\t<div class=\"elementor-element elementor-element-b48212f elementor-widget elementor-widget-image\" data-id=\"b48212f\" data-element_type=\"widget\" data-e-type=\"widget\" data-widget_type=\"image.default\">\n\t\t\t\t<div class=\"elementor-widget-container\">\n\t\t\t\t\t\t\t\t\t\t\t\t\t\t\t\t<a href=\"https:\/\/kozanlarjeotermal.com.tr\/wp-content\/uploads\/2024\/02\/webdgi.png\" data-elementor-open-lightbox=\"yes\" data-elementor-lightbox-title=\"webdgi\" data-e-action-hash=\"#elementor-action%3Aaction%3Dlightbox%26settings%3DeyJpZCI6MTAzOTIsInVybCI6Imh0dHBzOlwvXC9rb3phbmxhcmplb3Rlcm1hbC5jb20udHJcL3dwLWNvbnRlbnRcL3VwbG9hZHNcLzIwMjRcLzAyXC93ZWJkZ2kucG5nIn0%3D\">\n\t\t\t\t\t\t\t<img decoding=\"async\" width=\"2048\" height=\"561\" src=\"https:\/\/kozanlarjeotermal.com.tr\/wp-content\/uploads\/2024\/02\/webdgi-2048x561.png\" class=\"attachment-2048x2048 size-2048x2048 wp-image-10392\" alt=\"\" srcset=\"https:\/\/kozanlarjeotermal.com.tr\/wp-content\/uploads\/2024\/02\/webdgi-2048x561.png 2048w, https:\/\/kozanlarjeotermal.com.tr\/wp-content\/uploads\/2024\/02\/webdgi-300x82.png 300w, https:\/\/kozanlarjeotermal.com.tr\/wp-content\/uploads\/2024\/02\/webdgi-1024x281.png 1024w, https:\/\/kozanlarjeotermal.com.tr\/wp-content\/uploads\/2024\/02\/webdgi-768x210.png 768w, https:\/\/kozanlarjeotermal.com.tr\/wp-content\/uploads\/2024\/02\/webdgi-1536x421.png 1536w\" sizes=\"(max-width: 2048px) 100vw, 2048px\" \/>\t\t\t\t\t\t\t\t<\/a>\n\t\t\t\t\t\t\t\t\t\t\t\t\t\t\t<\/div>\n\t\t\t\t<\/div>\n\t\t\t\t\t<\/div>\n\t\t<\/div>\n\t\t\t\t<div class=\"elementor-column elementor-col-14 elementor-inner-column elementor-element elementor-element-5d35f68\" data-id=\"5d35f68\" data-element_type=\"column\" data-e-type=\"column\">\n\t\t\t<div class=\"elementor-widget-wrap\">\n\t\t\t\t\t\t\t<\/div>\n\t\t<\/div>\n\t\t\t\t\t<\/div>\n\t\t<\/section>\n\t\t\t\t<section class=\"elementor-section elementor-inner-section elementor-element elementor-element-919ab4f elementor-section-boxed elementor-section-height-default elementor-section-height-default\" data-id=\"919ab4f\" data-element_type=\"section\" data-e-type=\"section\" data-settings=\"{&quot;background_background&quot;:&quot;classic&quot;}\">\n\t\t\t\t\t\t<div class=\"elementor-container elementor-column-gap-default\">\n\t\t\t\t\t<div class=\"elementor-column elementor-col-100 elementor-inner-column elementor-element elementor-element-5188ab3\" data-id=\"5188ab3\" data-element_type=\"column\" data-e-type=\"column\">\n\t\t\t<div class=\"elementor-widget-wrap elementor-element-populated\">\n\t\t\t\t\t\t<div class=\"elementor-element elementor-element-bb07474 elementor-widget elementor-widget-spacer\" data-id=\"bb07474\" data-element_type=\"widget\" data-e-type=\"widget\" data-widget_type=\"spacer.default\">\n\t\t\t\t<div class=\"elementor-widget-container\">\n\t\t\t\t\t\t\t<div class=\"elementor-spacer\">\n\t\t\t<div class=\"elementor-spacer-inner\"><\/div>\n\t\t<\/div>\n\t\t\t\t\t\t<\/div>\n\t\t\t\t<\/div>\n\t\t\t\t\t<\/div>\n\t\t<\/div>\n\t\t\t\t\t<\/div>\n\t\t<\/section>\n\t\t\t\t<section class=\"elementor-section elementor-inner-section elementor-element elementor-element-e65da41 elementor-section-boxed elementor-section-height-default elementor-section-height-default\" data-id=\"e65da41\" data-element_type=\"section\" data-e-type=\"section\" data-settings=\"{&quot;background_background&quot;:&quot;classic&quot;}\">\n\t\t\t\t\t\t<div class=\"elementor-container elementor-column-gap-default\">\n\t\t\t\t\t<div class=\"elementor-column elementor-col-20 elementor-inner-column elementor-element elementor-element-4f23a51\" data-id=\"4f23a51\" data-element_type=\"column\" data-e-type=\"column\">\n\t\t\t<div class=\"elementor-widget-wrap\">\n\t\t\t\t\t\t\t<\/div>\n\t\t<\/div>\n\t\t\t\t<div class=\"elementor-column elementor-col-20 elementor-inner-column elementor-element elementor-element-7c42b9a\" data-id=\"7c42b9a\" data-element_type=\"column\" data-e-type=\"column\">\n\t\t\t<div class=\"elementor-widget-wrap elementor-element-populated\">\n\t\t\t\t\t\t<div class=\"elementor-element elementor-element-a49db52 elementor-widget elementor-widget-heading\" data-id=\"a49db52\" data-element_type=\"widget\" data-e-type=\"widget\" data-widget_type=\"heading.default\">\n\t\t\t\t<div class=\"elementor-widget-container\">\n\t\t\t\t\t<h2 class=\"elementor-heading-title elementor-size-default\">\u0421\u0435\u043b\u044c\u0441\u043a\u043e\u0435 \u0445\u043e\u0437\u044f\u0439\u0441\u0442\u0432\u043e<\/h2>\t\t\t\t<\/div>\n\t\t\t\t<\/div>\n\t\t\t\t<div class=\"elementor-element elementor-element-93c4ba9 elementor-widget elementor-widget-text-editor\" data-id=\"93c4ba9\" data-element_type=\"widget\" data-e-type=\"widget\" data-widget_type=\"text-editor.default\">\n\t\t\t\t<div class=\"elementor-widget-container\">\n\t\t\t\t\t\t\t\t\t<p>\u0424\u0438\u0440\u043c\u0435\u043d\u043d\u044b\u0439 \u0441\u0442\u0438\u043b\u044c<\/p>\t\t\t\t\t\t\t\t<\/div>\n\t\t\t\t<\/div>\n\t\t\t\t<div class=\"elementor-element elementor-element-86dda56 elementor-widget elementor-widget-image\" data-id=\"86dda56\" data-element_type=\"widget\" data-e-type=\"widget\" data-widget_type=\"image.default\">\n\t\t\t\t<div class=\"elementor-widget-container\">\n\t\t\t\t\t\t\t\t\t\t\t\t\t\t\t\t<a href=\"https:\/\/kozanlarjeotermal.com.tr\/wp-content\/uploads\/2024\/03\/webtarim.png\" data-elementor-open-lightbox=\"yes\" data-elementor-lightbox-title=\"webtar\u0131m\" data-e-action-hash=\"#elementor-action%3Aaction%3Dlightbox%26settings%3DeyJpZCI6MTA2MDAsInVybCI6Imh0dHBzOlwvXC9rb3phbmxhcmplb3Rlcm1hbC5jb20udHJcL3dwLWNvbnRlbnRcL3VwbG9hZHNcLzIwMjRcLzAzXC93ZWJ0YXJpbS5wbmcifQ%3D%3D\">\n\t\t\t\t\t\t\t<img loading=\"lazy\" decoding=\"async\" width=\"2048\" height=\"805\" src=\"https:\/\/kozanlarjeotermal.com.tr\/wp-content\/uploads\/2024\/03\/webtarim-2048x805.png\" class=\"attachment-2048x2048 size-2048x2048 wp-image-10600\" alt=\"\" srcset=\"https:\/\/kozanlarjeotermal.com.tr\/wp-content\/uploads\/2024\/03\/webtarim-2048x805.png 2048w, https:\/\/kozanlarjeotermal.com.tr\/wp-content\/uploads\/2024\/03\/webtarim-300x118.png 300w, https:\/\/kozanlarjeotermal.com.tr\/wp-content\/uploads\/2024\/03\/webtarim-1024x403.png 1024w, https:\/\/kozanlarjeotermal.com.tr\/wp-content\/uploads\/2024\/03\/webtarim-768x302.png 768w, https:\/\/kozanlarjeotermal.com.tr\/wp-content\/uploads\/2024\/03\/webtarim-1536x604.png 1536w\" sizes=\"(max-width: 2048px) 100vw, 2048px\" \/>\t\t\t\t\t\t\t\t<\/a>\n\t\t\t\t\t\t\t\t\t\t\t\t\t\t\t<\/div>\n\t\t\t\t<\/div>\n\t\t\t\t\t<\/div>\n\t\t<\/div>\n\t\t\t\t<div class=\"elementor-column elementor-col-20 elementor-inner-column elementor-element elementor-element-6c841cf\" data-id=\"6c841cf\" data-element_type=\"column\" data-e-type=\"column\">\n\t\t\t<div class=\"elementor-widget-wrap\">\n\t\t\t\t\t\t\t<\/div>\n\t\t<\/div>\n\t\t\t\t<div class=\"elementor-column elementor-col-20 elementor-inner-column elementor-element elementor-element-f4d61e3\" data-id=\"f4d61e3\" data-element_type=\"column\" data-e-type=\"column\">\n\t\t\t<div class=\"elementor-widget-wrap elementor-element-populated\">\n\t\t\t\t\t\t<div class=\"elementor-element elementor-element-c89ae0a elementor-widget elementor-widget-heading\" data-id=\"c89ae0a\" data-element_type=\"widget\" data-e-type=\"widget\" data-widget_type=\"heading.default\">\n\t\t\t\t<div class=\"elementor-widget-container\">\n\t\t\t\t\t<h2 class=\"elementor-heading-title elementor-size-default\">OG\u0130TA<\/h2>\t\t\t\t<\/div>\n\t\t\t\t<\/div>\n\t\t\t\t<div class=\"elementor-element elementor-element-199fa24 elementor-widget elementor-widget-text-editor\" data-id=\"199fa24\" data-element_type=\"widget\" data-e-type=\"widget\" data-widget_type=\"text-editor.default\">\n\t\t\t\t<div class=\"elementor-widget-container\">\n\t\t\t\t\t\t\t\t\t<p>\u0424\u0438\u0440\u043c\u0435\u043d\u043d\u044b\u0439 \u0441\u0442\u0438\u043b\u044c<\/p>\t\t\t\t\t\t\t\t<\/div>\n\t\t\t\t<\/div>\n\t\t\t\t<div class=\"elementor-element elementor-element-4611692 elementor-widget elementor-widget-image\" data-id=\"4611692\" data-element_type=\"widget\" data-e-type=\"widget\" data-widget_type=\"image.default\">\n\t\t\t\t<div class=\"elementor-widget-container\">\n\t\t\t\t\t\t\t\t\t\t\t\t\t\t\t\t<a href=\"https:\/\/kozanlarjeotermal.com.tr\/wp-content\/uploads\/2024\/02\/webogita.png\" data-elementor-open-lightbox=\"yes\" data-elementor-lightbox-title=\"webogita\" data-e-action-hash=\"#elementor-action%3Aaction%3Dlightbox%26settings%3DeyJpZCI6MTAzOTUsInVybCI6Imh0dHBzOlwvXC9rb3phbmxhcmplb3Rlcm1hbC5jb20udHJcL3dwLWNvbnRlbnRcL3VwbG9hZHNcLzIwMjRcLzAyXC93ZWJvZ2l0YS5wbmcifQ%3D%3D\">\n\t\t\t\t\t\t\t<img loading=\"lazy\" decoding=\"async\" width=\"2048\" height=\"561\" src=\"https:\/\/kozanlarjeotermal.com.tr\/wp-content\/uploads\/2024\/02\/webogita-2048x561.png\" class=\"attachment-2048x2048 size-2048x2048 wp-image-10395\" alt=\"\" srcset=\"https:\/\/kozanlarjeotermal.com.tr\/wp-content\/uploads\/2024\/02\/webogita-2048x561.png 2048w, https:\/\/kozanlarjeotermal.com.tr\/wp-content\/uploads\/2024\/02\/webogita-300x82.png 300w, https:\/\/kozanlarjeotermal.com.tr\/wp-content\/uploads\/2024\/02\/webogita-1024x281.png 1024w, https:\/\/kozanlarjeotermal.com.tr\/wp-content\/uploads\/2024\/02\/webogita-768x210.png 768w, https:\/\/kozanlarjeotermal.com.tr\/wp-content\/uploads\/2024\/02\/webogita-1536x421.png 1536w\" sizes=\"(max-width: 2048px) 100vw, 2048px\" \/>\t\t\t\t\t\t\t\t<\/a>\n\t\t\t\t\t\t\t\t\t\t\t\t\t\t\t<\/div>\n\t\t\t\t<\/div>\n\t\t\t\t\t<\/div>\n\t\t<\/div>\n\t\t\t\t<div class=\"elementor-column elementor-col-20 elementor-inner-column elementor-element elementor-element-3a19e4c\" data-id=\"3a19e4c\" data-element_type=\"column\" data-e-type=\"column\">\n\t\t\t<div class=\"elementor-widget-wrap\">\n\t\t\t\t\t\t\t<\/div>\n\t\t<\/div>\n\t\t\t\t\t<\/div>\n\t\t<\/section>\n\t\t\t\t<section class=\"elementor-section elementor-inner-section elementor-element elementor-element-4973799 elementor-section-boxed elementor-section-height-default elementor-section-height-default\" data-id=\"4973799\" data-element_type=\"section\" data-e-type=\"section\" data-settings=\"{&quot;background_background&quot;:&quot;classic&quot;,&quot;shape_divider_bottom&quot;:&quot;tilt&quot;}\">\n\t\t\t\t\t<div class=\"elementor-shape elementor-shape-bottom\" aria-hidden=\"true\" data-negative=\"false\">\n\t\t\t<svg xmlns=\"http:\/\/www.w3.org\/2000\/svg\" viewbox=\"0 0 1000 100\" preserveaspectratio=\"none\">\n\t<path class=\"elementor-shape-fill\" d=\"M0,6V0h1000v100L0,6z\"\/>\n<\/svg>\t\t<\/div>\n\t\t\t\t\t<div class=\"elementor-container elementor-column-gap-default\">\n\t\t\t\t\t<div class=\"elementor-column elementor-col-100 elementor-inner-column elementor-element elementor-element-8626345\" data-id=\"8626345\" data-element_type=\"column\" data-e-type=\"column\">\n\t\t\t<div class=\"elementor-widget-wrap elementor-element-populated\">\n\t\t\t\t\t\t<div class=\"elementor-element elementor-element-cae6020 elementor-widget elementor-widget-spacer\" data-id=\"cae6020\" data-element_type=\"widget\" data-e-type=\"widget\" data-widget_type=\"spacer.default\">\n\t\t\t\t<div class=\"elementor-widget-container\">\n\t\t\t\t\t\t\t<div class=\"elementor-spacer\">\n\t\t\t<div class=\"elementor-spacer-inner\"><\/div>\n\t\t<\/div>\n\t\t\t\t\t\t<\/div>\n\t\t\t\t<\/div>\n\t\t\t\t\t<\/div>\n\t\t<\/div>\n\t\t\t\t\t<\/div>\n\t\t<\/section>\n\t\t\t\t\t<\/div>\n\t\t<\/div>\n\t\t\t\t\t<\/div>\n\t\t<\/section>\n\t\t\t\t<\/div>","protected":false},"excerpt":{"rendered":"<p>KURUMSAL K\u0130ML\u0130K MEDYA MERKEZ\u0130 KOZANLAR GRUP Kurumsal Kimlik JEOTERMAL Kurumsal Kimlik DG\u0130 Kurumsal Kimlik TARIM Kurumsal Kimlik OG\u0130TA Kurumsal Kimlik<\/p>","protected":false},"author":1,"featured_media":0,"parent":0,"menu_order":0,"comment_status":"closed","ping_status":"closed","template":"page-templates\/template-pagebuilder-full-width.php","meta":{"neve_meta_sidebar":"","neve_meta_container":"","neve_meta_enable_content_width":"","neve_meta_content_width":0,"neve_meta_title_alignment":"","neve_meta_author_avatar":"","neve_post_elements_order":"","neve_meta_disable_header":"","neve_meta_disable_footer":"","neve_meta_disable_title":"","footnotes":""},"class_list":["post-10482","page","type-page","status-publish","hentry"],"_links":{"self":[{"href":"https:\/\/kozanlarjeotermal.com.tr\/ru\/wp-json\/wp\/v2\/pages\/10482","targetHints":{"allow":["GET"]}}],"collection":[{"href":"https:\/\/kozanlarjeotermal.com.tr\/ru\/wp-json\/wp\/v2\/pages"}],"about":[{"href":"https:\/\/kozanlarjeotermal.com.tr\/ru\/wp-json\/wp\/v2\/types\/page"}],"author":[{"embeddable":true,"href":"https:\/\/kozanlarjeotermal.com.tr\/ru\/wp-json\/wp\/v2\/users\/1"}],"replies":[{"embeddable":true,"href":"https:\/\/kozanlarjeotermal.com.tr\/ru\/wp-json\/wp\/v2\/comments?post=10482"}],"version-history":[{"count":3,"href":"https:\/\/kozanlarjeotermal.com.tr\/ru\/wp-json\/wp\/v2\/pages\/10482\/revisions"}],"predecessor-version":[{"id":12330,"href":"https:\/\/kozanlarjeotermal.com.tr\/ru\/wp-json\/wp\/v2\/pages\/10482\/revisions\/12330"}],"wp:attachment":[{"href":"https:\/\/kozanlarjeotermal.com.tr\/ru\/wp-json\/wp\/v2\/media?parent=10482"}],"curies":[{"name":"wp","href":"https:\/\/api.w.org\/{rel}","templated":true}]}}