{"id":3491,"date":"2020-02-07T02:16:32","date_gmt":"2020-02-07T02:16:32","guid":{"rendered":"https:\/\/demo.casethemes.net\/consultio-business2\/?page_id=3491"},"modified":"2026-04-18T17:21:00","modified_gmt":"2026-04-18T14:21:00","slug":"hakkimizda","status":"publish","type":"page","link":"https:\/\/kozanlarjeotermal.com.tr\/ru\/hakkimizda\/","title":{"rendered":"\u041e \u043d\u0430\u0441"},"content":{"rendered":"\t\t<div data-elementor-type=\"wp-page\" data-elementor-id=\"3491\" class=\"elementor elementor-3491\" data-elementor-post-type=\"page\">\n\t\t\t\t\t\t<section class=\"elementor-section elementor-top-section elementor-element elementor-element-4e8ecfe elementor-section-boxed elementor-section-height-default elementor-section-height-default\" data-id=\"4e8ecfe\" data-element_type=\"section\" data-e-type=\"section\">\n\t\t\t\t\t\t<div class=\"elementor-container elementor-column-gap-default\">\n\t\t\t\t\t<div class=\"elementor-column elementor-col-100 elementor-top-column elementor-element elementor-element-9ac076d\" data-id=\"9ac076d\" data-element_type=\"column\" data-e-type=\"column\">\n\t\t\t<div class=\"elementor-widget-wrap elementor-element-populated\">\n\t\t\t\t\t\t<div class=\"elementor-element elementor-element-da165c1 elementor-widget elementor-widget-spacer\" data-id=\"da165c1\" data-element_type=\"widget\" data-e-type=\"widget\" data-widget_type=\"spacer.default\">\n\t\t\t\t<div class=\"elementor-widget-container\">\n\t\t\t\t\t\t\t<div class=\"elementor-spacer\">\n\t\t\t<div class=\"elementor-spacer-inner\"><\/div>\n\t\t<\/div>\n\t\t\t\t\t\t<\/div>\n\t\t\t\t<\/div>\n\t\t\t\t<div class=\"elementor-element elementor-element-450d940 elementor-widget elementor-widget-heading\" data-id=\"450d940\" data-element_type=\"widget\" data-e-type=\"widget\" data-widget_type=\"heading.default\">\n\t\t\t\t<div class=\"elementor-widget-container\">\n\t\t\t\t\t<h2 class=\"elementor-heading-title elementor-size-default\">B\u0130Z\u0130 TANIYIN<\/h2>\t\t\t\t<\/div>\n\t\t\t\t<\/div>\n\t\t\t\t<div class=\"elementor-element elementor-element-b57a865 elementor-absolute elementor-widget elementor-widget-heading\" data-id=\"b57a865\" data-element_type=\"widget\" data-e-type=\"widget\" data-settings=\"{&quot;_position&quot;:&quot;absolute&quot;}\" data-widget_type=\"heading.default\">\n\t\t\t\t<div class=\"elementor-widget-container\">\n\t\t\t\t\t<h2 class=\"elementor-heading-title elementor-size-default\">TAR\u0130H\u00c7EM\u0130Z<\/h2>\t\t\t\t<\/div>\n\t\t\t\t<\/div>\n\t\t\t\t\t<\/div>\n\t\t<\/div>\n\t\t\t\t\t<\/div>\n\t\t<\/section>\n\t\t\t\t<section class=\"elementor-section elementor-top-section elementor-element elementor-element-2bfbbe0 elementor-section-boxed elementor-section-height-default elementor-section-height-default\" data-id=\"2bfbbe0\" data-element_type=\"section\" data-e-type=\"section\">\n\t\t\t\t\t\t<div class=\"elementor-container elementor-column-gap-default\">\n\t\t\t\t\t<div class=\"elementor-column elementor-col-100 elementor-top-column elementor-element elementor-element-ca77801\" data-id=\"ca77801\" data-element_type=\"column\" data-e-type=\"column\">\n\t\t\t<div class=\"elementor-widget-wrap elementor-element-populated\">\n\t\t\t\t\t\t<div class=\"elementor-element elementor-element-c33cd11 elementor-widget elementor-widget-spacer\" data-id=\"c33cd11\" data-element_type=\"widget\" data-e-type=\"widget\" data-widget_type=\"spacer.default\">\n\t\t\t\t<div class=\"elementor-widget-container\">\n\t\t\t\t\t\t\t<div class=\"elementor-spacer\">\n\t\t\t<div class=\"elementor-spacer-inner\"><\/div>\n\t\t<\/div>\n\t\t\t\t\t\t<\/div>\n\t\t\t\t<\/div>\n\t\t\t\t\t<\/div>\n\t\t<\/div>\n\t\t\t\t\t<\/div>\n\t\t<\/section>\n\t\t\t\t<section class=\"elementor-section elementor-top-section elementor-element elementor-element-cc9b3f5 elementor-section-full_width elementor-section-height-default elementor-section-height-default\" data-id=\"cc9b3f5\" data-element_type=\"section\" data-e-type=\"section\">\n\t\t\t\t\t\t<div class=\"elementor-container elementor-column-gap-default\">\n\t\t\t\t\t<div class=\"elementor-column elementor-col-100 elementor-top-column elementor-element elementor-element-95f701b\" data-id=\"95f701b\" data-element_type=\"column\" data-e-type=\"column\">\n\t\t\t<div class=\"elementor-widget-wrap elementor-element-populated\">\n\t\t\t\t\t\t<section class=\"elementor-section elementor-inner-section elementor-element elementor-element-7e24760 elementor-section-boxed elementor-section-height-default elementor-section-height-default\" data-id=\"7e24760\" data-element_type=\"section\" data-e-type=\"section\">\n\t\t\t\t\t\t<div class=\"elementor-container elementor-column-gap-default\">\n\t\t\t\t\t<div class=\"elementor-column elementor-col-25 elementor-inner-column elementor-element elementor-element-7741447\" data-id=\"7741447\" data-element_type=\"column\" data-e-type=\"column\">\n\t\t\t<div class=\"elementor-widget-wrap\">\n\t\t\t\t\t\t\t<\/div>\n\t\t<\/div>\n\t\t\t\t<div class=\"elementor-column elementor-col-25 elementor-inner-column elementor-element elementor-element-c978243\" data-id=\"c978243\" data-element_type=\"column\" data-e-type=\"column\">\n\t\t\t<div class=\"elementor-widget-wrap elementor-element-populated\">\n\t\t\t\t\t\t<div class=\"elementor-element elementor-element-8743eff elementor-widget elementor-widget-ucaddon_uc_video_content_slider\" data-id=\"8743eff\" data-element_type=\"widget\" data-e-type=\"widget\" data-settings=\"{&quot;sticky&quot;:&quot;top&quot;,&quot;sticky_offset&quot;:250,&quot;sticky_parent&quot;:&quot;yes&quot;,&quot;sticky_effects_offset&quot;:100,&quot;sticky_on&quot;:[&quot;desktop&quot;,&quot;laptop&quot;,&quot;tablet&quot;,&quot;mobile&quot;],&quot;sticky_anchor_link_offset&quot;:0}\" data-widget_type=\"ucaddon_uc_video_content_slider.default\">\n\t\t\t\t<div class=\"elementor-widget-container\">\n\t\t\t\t\t<!-- start Image and Video Content Slider -->\n\t\t<link id='font-awesome-css' href='https:\/\/kozanlarjeotermal.com.tr\/wp-content\/plugins\/unlimited-elements-for-elementor-premium\/assets_libraries\/font-awesome5\/css\/fontawesome-all.min.css' type='text\/css' rel='stylesheet' >\n\t\t<link id='font-awesome-4-shim-css' href='https:\/\/kozanlarjeotermal.com.tr\/wp-content\/plugins\/unlimited-elements-for-elementor-premium\/assets_libraries\/font-awesome5\/css\/fontawesome-v4-shims.css' type='text\/css' rel='stylesheet' >\n\t\t<link id='owl-carousel-css' href='https:\/\/kozanlarjeotermal.com.tr\/wp-content\/plugins\/unlimited-elements-for-elementor-premium\/assets_libraries\/owl-carousel-new\/assets\/owl.carousel.css' type='text\/css' rel='stylesheet' >\n\t\t<link id='fancybox-css' href='https:\/\/kozanlarjeotermal.com.tr\/wp-content\/plugins\/unlimited-elements-for-elementor-premium\/assets_libraries\/fancybox3\/jquery.fancybox.min.css' type='text\/css' rel='stylesheet' >\n\n\t\t\t<style type=\"text\/css\">\/* widget: Image and Video Content Slider *\/\n\n#uc_uc_video_content_slider_elementor_8743eff{\n  min-height:1px;\n}\n\n#uc_uc_video_content_slider_elementor_8743eff.uc_video_content_slider .uc_video_content_slider_holder{\n  \tmargin: 0 auto;\n}\n\n#uc_uc_video_content_slider_elementor_8743eff *{\n\tbox-sizing: border-box;\n}\n\n#uc_uc_video_content_slider_elementor_8743eff .uc_video_content_slider_holder .uc_video_content_slider_box{\n\toverflow: hidden;\n\tposition: relative;\n\tdisplay: flex;\n    flex-direction: row-reverse;\n}\n\n\n#uc_uc_video_content_slider_elementor_8743eff .uc_video_content_slider_holder .uc_content_box{\n    flex-grow:0;\n    flex-shrink:0;\n\tposition: relative;\n\tz-index: 2;\n    display:flex;\n    justify-content:center;\n    align-items:center;\n}\n#uc_uc_video_content_slider_elementor_8743eff .uc_video_content_slider_holder .uc_content{\n  \n}\n.uc_title{\n\tfont-size: 25px;\n}\n\n#uc_uc_video_content_slider_elementor_8743eff .uc_video_content_slider_holder .uc_btn{\n\t\n\ttext-align: center;\n\tdisplay:inline-block;\n\ttext-decoration: none;\n\n}\n\n#uc_uc_video_content_slider_elementor_8743eff .uc_video_content_slider_holder .uc_video_box{\n\tflex-grow:1;\n\tposition: relative;\n\tz-index: 1;\n    display:flex;\n    align-items:strech;\n}\n#uc_uc_video_content_slider_elementor_8743eff .uc_video_content_slider_holder .uc_video_image{\n\twidth: 100%;\n\tbackground-repeat: no-repeat;\n\tbackground-position: center center;\n\tbackground-size: cover;\n}\n#uc_uc_video_content_slider_elementor_8743eff .uc_video_content_slider_holder .uc_play_video{\n\tposition: absolute;\n\tleft: 50%;\n\ttop: 50%;\n\ttransform: translate(-50%, -50%);\n\t-webkit-transform: translate(-50%, -50%);\n\tfont-size: 87px;\n\tcolor: #fff;\n}\n#uc_uc_video_content_slider_elementor_8743eff .uc_play_video{\n\tbackground: url(https:\/\/kozanlarjeotermal.com.tr\/wp-content\/uploads\/ac_assets\/uc_video_content_slider\/\/play-btn.png) no-repeat 0 0;\n\twidth: 87px;\n\theight: 87px;\n\tbackground-size: cover;\n}\n\n\n\n\n#uc_uc_video_content_slider_elementor_8743eff .owl-carousel .owl-nav .owl-prev{\n    position:absolute;\n    left:-70px;\n    display:inline-block;\n    text-align:center;\n    transform: translateY(-50%);\n}\n#uc_uc_video_content_slider_elementor_8743eff .owl-carousel .owl-nav .owl-next{\n  position:absolute;\n    right:-70px;\n  display:inline-block;\n  text-align:center;\n  transform: translateY(-50%);\n}\n\n\n\n#uc_uc_video_content_slider_elementor_8743eff .owl-dots {\noverflow:hidden;\n display:false !important;\ntext-align:center;\n}\n\n#uc_uc_video_content_slider_elementor_8743eff .owl-dot {\nborder-radius:50%;\ndisplay:inline-block;\n}\n\n\n\n@media screen and (max-width: 768px) {\n  #uc_uc_video_content_slider_elementor_8743eff .uc_video_content_slider_holder .uc_video_content_slider_box{\n\tflex-direction:column;\n  }\n  \n  \n#uc_uc_video_content_slider_elementor_8743eff .uc_video_content_slider_holder .uc_content_box{\n\twidth: 100%;\n\t\n}\n\n\n#uc_uc_video_content_slider_elementor_8743eff .uc_video_content_slider_holder .uc_video_box{\n\twidth: 100%;\n}\n}\n\n<\/style>\n\n\t\t\t<div class=\"uc_video_content_slider\" id=\"uc_uc_video_content_slider_elementor_8743eff\">\n  <div class=\"uc_video_content_slider_holder owl-carousel owl-theme\">\n\t<div class=\"uc_video_content_slider_box\">\n      <div class=\"uc_content_box\">\n        <div class=\"uc_content\">\n                                      <\/div>\n      <\/div>\n\n      <div class=\"uc_video_box\">\n        <div class=\"uc_video_image\" style=\"background-image: url(https:\/\/kozanlarjeotermal.com.tr\/wp-content\/uploads\/2026\/04\/s1.webp);\"><\/div>\n              <\/div>\n    <\/div>\n<div class=\"uc_video_content_slider_box\">\n      <div class=\"uc_content_box\">\n        <div class=\"uc_content\">\n                                      <\/div>\n      <\/div>\n\n      <div class=\"uc_video_box\">\n        <div class=\"uc_video_image\" style=\"background-image: url(https:\/\/kozanlarjeotermal.com.tr\/wp-content\/uploads\/2026\/04\/s2.webp);\"><\/div>\n              <\/div>\n    <\/div>\n<div class=\"uc_video_content_slider_box\">\n      <div class=\"uc_content_box\">\n        <div class=\"uc_content\">\n                                      <\/div>\n      <\/div>\n\n      <div class=\"uc_video_box\">\n        <div class=\"uc_video_image\" style=\"background-image: url(https:\/\/kozanlarjeotermal.com.tr\/wp-content\/uploads\/2026\/04\/s3.webp);\"><\/div>\n              <\/div>\n    <\/div>\n\n  <\/div>\n<\/div>\n\t\t\t<!-- end Image and Video Content Slider -->\t\t\t\t<\/div>\n\t\t\t\t<\/div>\n\t\t\t\t\t<\/div>\n\t\t<\/div>\n\t\t\t\t<div class=\"elementor-column elementor-col-25 elementor-inner-column elementor-element elementor-element-04b0ec6\" data-id=\"04b0ec6\" data-element_type=\"column\" data-e-type=\"column\">\n\t\t\t<div class=\"elementor-widget-wrap\">\n\t\t\t\t\t\t\t<\/div>\n\t\t<\/div>\n\t\t\t\t<div class=\"elementor-column elementor-col-25 elementor-inner-column elementor-element elementor-element-93d3ab9\" data-id=\"93d3ab9\" data-element_type=\"column\" data-e-type=\"column\">\n\t\t\t<div class=\"elementor-widget-wrap elementor-element-populated\">\n\t\t\t\t\t\t<div class=\"elementor-element elementor-element-2368653 elementor-widget elementor-widget-text-editor\" data-id=\"2368653\" data-element_type=\"widget\" data-e-type=\"widget\" data-widget_type=\"text-editor.default\">\n\t\t\t\t<div class=\"elementor-widget-container\">\n\t\t\t\t\t\t\t\t\t<p>Jeotermal enerji; yenilenebilir, s\u00fcrd\u00fcr\u00fclebilir, ucuz, \u00e7evre dostu, yerli, ye\u015fil ve do\u011fru kullan\u0131ld\u0131\u011f\u0131nda t\u00fckenmeyen bir enerji t\u00fcr\u00fcd\u00fcr. \u00dclkemiz jeotermal kaynaklar\u0131 bak\u0131m\u0131ndan olduk\u00e7a zengindir ancak bu kaynaklar bilin\u00e7sizce kullan\u0131lmaktad\u0131r. Son y\u0131llarda devlet kurumlar\u0131n\u0131n yakla\u015f\u0131mlar\u0131 ve m\u00fchendislik firmalar\u0131n\u0131n gayretleri ile bu kaynaklar daha da verimli kullan\u0131lmaya ba\u015flanm\u0131\u015ft\u0131r.<\/p><p><strong>Kozanlar Jeotermal<\/strong> olarak \u0131s\u0131tma projesi tasar\u0131m\u0131 ve \u00e7izimi, jeotermal ana hat montaj\u0131, \u0131s\u0131 merkezi dizayn\u0131, jeotermal sera \u0131s\u0131tma, iyile\u015ftirme projeleri, jeotermal e\u015fanj\u00f6r ve otomasyonu, malzeme temini gibi hizmet alanlar\u0131m\u0131z\u0131n yan\u0131 s\u0131ra Ar-Ge ve \u00fcretim seralar\u0131m\u0131zda elde etti\u011fimiz tecr\u00fcbelerimiz ve geli\u015ftirdi\u011fimiz sistemlerimiz ile 30 y\u0131ll\u0131k ticaret tecr\u00fcbesi ve 20 y\u0131ll\u0131k sekt\u00f6rel tecr\u00fcbemizi birle\u015ftirerek yat\u0131r\u0131mc\u0131lar\u0131n ihtiya\u00e7lar\u0131na y\u00f6nelik <strong>sistemler<\/strong>, <strong>dan\u0131\u015fmanl\u0131k<\/strong> ve <strong>anahtar teslim sera \u00e7\u00f6z\u00fcmleri<\/strong> sunmaktay\u0131z.<\/p>\t\t\t\t\t\t\t\t<\/div>\n\t\t\t\t<\/div>\n\t\t\t\t\t<\/div>\n\t\t<\/div>\n\t\t\t\t\t<\/div>\n\t\t<\/section>\n\t\t\t\t\t<\/div>\n\t\t<\/div>\n\t\t\t\t\t<\/div>\n\t\t<\/section>\n\t\t\t\t<section class=\"elementor-section elementor-top-section elementor-element elementor-element-ee54c1e elementor-section-boxed elementor-section-height-default elementor-section-height-default\" data-id=\"ee54c1e\" data-element_type=\"section\" data-e-type=\"section\">\n\t\t\t\t\t\t<div class=\"elementor-container elementor-column-gap-default\">\n\t\t\t\t\t<div class=\"elementor-column elementor-col-100 elementor-top-column elementor-element elementor-element-34c58a2\" data-id=\"34c58a2\" data-element_type=\"column\" data-e-type=\"column\">\n\t\t\t<div class=\"elementor-widget-wrap elementor-element-populated\">\n\t\t\t\t\t\t<div class=\"elementor-element elementor-element-d0350fb elementor-widget elementor-widget-spacer\" data-id=\"d0350fb\" data-element_type=\"widget\" data-e-type=\"widget\" data-widget_type=\"spacer.default\">\n\t\t\t\t<div class=\"elementor-widget-container\">\n\t\t\t\t\t\t\t<div class=\"elementor-spacer\">\n\t\t\t<div class=\"elementor-spacer-inner\"><\/div>\n\t\t<\/div>\n\t\t\t\t\t\t<\/div>\n\t\t\t\t<\/div>\n\t\t\t\t\t<\/div>\n\t\t<\/div>\n\t\t\t\t\t<\/div>\n\t\t<\/section>\n\t\t\t\t<section class=\"elementor-section elementor-top-section elementor-element elementor-element-fdcdaa0 elementor-section-full_width elementor-section-height-default elementor-section-height-default\" data-id=\"fdcdaa0\" data-element_type=\"section\" data-e-type=\"section\">\n\t\t\t\t\t\t<div class=\"elementor-container elementor-column-gap-default\">\n\t\t\t\t\t<div class=\"elementor-column elementor-col-100 elementor-top-column elementor-element elementor-element-fb82b1e\" data-id=\"fb82b1e\" data-element_type=\"column\" data-e-type=\"column\">\n\t\t\t<div class=\"elementor-widget-wrap elementor-element-populated\">\n\t\t\t\t\t\t<section class=\"elementor-section elementor-inner-section elementor-element elementor-element-8f09552 kurumsal-row elementor-section-boxed elementor-section-height-default elementor-section-height-default\" data-id=\"8f09552\" data-element_type=\"section\" data-e-type=\"section\">\n\t\t\t\t\t\t<div class=\"elementor-container elementor-column-gap-default\">\n\t\t\t\t\t<div class=\"elementor-column elementor-col-16 elementor-inner-column elementor-element elementor-element-b60f8aa\" data-id=\"b60f8aa\" data-element_type=\"column\" data-e-type=\"column\">\n\t\t\t<div class=\"elementor-widget-wrap\">\n\t\t\t\t\t\t\t<\/div>\n\t\t<\/div>\n\t\t\t\t<div class=\"elementor-column elementor-col-16 elementor-inner-column elementor-element elementor-element-fe81bc9 kurumsal-kart\" data-id=\"fe81bc9\" data-element_type=\"column\" data-e-type=\"column\" data-settings=\"{&quot;background_background&quot;:&quot;classic&quot;}\">\n\t\t\t<div class=\"elementor-widget-wrap elementor-element-populated\">\n\t\t\t\t\t\t<div class=\"elementor-element elementor-element-bdb82f2 elementor-widget elementor-widget-heading\" data-id=\"bdb82f2\" data-element_type=\"widget\" data-e-type=\"widget\" data-widget_type=\"heading.default\">\n\t\t\t\t<div class=\"elementor-widget-container\">\n\t\t\t\t\t<h2 class=\"elementor-heading-title elementor-size-default\">V\u0130ZYON<\/h2>\t\t\t\t<\/div>\n\t\t\t\t<\/div>\n\t\t\t\t<div class=\"elementor-element elementor-element-607bb0c elementor-widget elementor-widget-text-editor\" data-id=\"607bb0c\" data-element_type=\"widget\" data-e-type=\"widget\" data-widget_type=\"text-editor.default\">\n\t\t\t\t<div class=\"elementor-widget-container\">\n\t\t\t\t\t\t\t\t\t<p>S\u00fcrd\u00fcr\u00fclebilir ve yenilik\u00e7i jeotermal serac\u0131l\u0131k \u00e7\u00f6z\u00fcmlerimizle; do\u011fay\u0131 koruyan, insanl\u0131\u011f\u0131n sa\u011fl\u0131kl\u0131 g\u0131daya g\u00fcvenle ula\u015fmas\u0131n\u0131 sa\u011flayan ve sekt\u00f6r\u00fcnde k\u00fcresel standartlarda referans al\u0131nan \u00f6nc\u00fc bir lider kurulu\u015f olmak.<\/p>\t\t\t\t\t\t\t\t<\/div>\n\t\t\t\t<\/div>\n\t\t\t\t\t<\/div>\n\t\t<\/div>\n\t\t\t\t<div class=\"elementor-column elementor-col-16 elementor-inner-column elementor-element elementor-element-f3df8be\" data-id=\"f3df8be\" data-element_type=\"column\" data-e-type=\"column\">\n\t\t\t<div class=\"elementor-widget-wrap\">\n\t\t\t\t\t\t\t<\/div>\n\t\t<\/div>\n\t\t\t\t<div class=\"elementor-column elementor-col-16 elementor-inner-column elementor-element elementor-element-7974bee kurumsal-kart\" data-id=\"7974bee\" data-element_type=\"column\" data-e-type=\"column\">\n\t\t\t<div class=\"elementor-widget-wrap elementor-element-populated\">\n\t\t\t\t\t\t<div class=\"elementor-element elementor-element-044f81e elementor-widget elementor-widget-heading\" data-id=\"044f81e\" data-element_type=\"widget\" data-e-type=\"widget\" data-widget_type=\"heading.default\">\n\t\t\t\t<div class=\"elementor-widget-container\">\n\t\t\t\t\t<h2 class=\"elementor-heading-title elementor-size-default\">M\u0130SYON<\/h2>\t\t\t\t<\/div>\n\t\t\t\t<\/div>\n\t\t\t\t<div class=\"elementor-element elementor-element-5258b4e elementor-widget elementor-widget-text-editor\" data-id=\"5258b4e\" data-element_type=\"widget\" data-e-type=\"widget\" data-widget_type=\"text-editor.default\">\n\t\t\t\t<div class=\"elementor-widget-container\">\n\t\t\t\t\t\t\t\t\t<p>\u00c7evreye duyarl\u0131 ve s\u00fcrd\u00fcr\u00fclebilir enerji kaynaklar\u0131n\u0131 temel alarak; m\u00fc\u015fterilerimize anahtar teslim, verimli ve yenilik\u00e7i sera \u00e7\u00f6z\u00fcmleri sunmak; ayn\u0131 zamanda y\u00fcr\u00fctt\u00fc\u011f\u00fcm\u00fcz e\u011fitim ve fark\u0131ndal\u0131k \u00e7al\u0131\u015fmalar\u0131yla sa\u011fl\u0131kl\u0131 g\u0131da \u00fcretimini yayg\u0131nla\u015ft\u0131rarak topluma de\u011fer katmak.<\/p>\t\t\t\t\t\t\t\t<\/div>\n\t\t\t\t<\/div>\n\t\t\t\t\t<\/div>\n\t\t<\/div>\n\t\t\t\t<div class=\"elementor-column elementor-col-16 elementor-inner-column elementor-element elementor-element-a6142dc\" data-id=\"a6142dc\" data-element_type=\"column\" data-e-type=\"column\">\n\t\t\t<div class=\"elementor-widget-wrap\">\n\t\t\t\t\t\t\t<\/div>\n\t\t<\/div>\n\t\t\t\t<div class=\"elementor-column elementor-col-16 elementor-inner-column elementor-element elementor-element-2643329 kurumsal-kart\" data-id=\"2643329\" data-element_type=\"column\" data-e-type=\"column\">\n\t\t\t<div class=\"elementor-widget-wrap elementor-element-populated\">\n\t\t\t\t\t\t<div class=\"elementor-element elementor-element-5967c4a elementor-widget elementor-widget-heading\" data-id=\"5967c4a\" data-element_type=\"widget\" data-e-type=\"widget\" data-widget_type=\"heading.default\">\n\t\t\t\t<div class=\"elementor-widget-container\">\n\t\t\t\t\t<h2 class=\"elementor-heading-title elementor-size-default\">DE\u011eERLER<\/h2>\t\t\t\t<\/div>\n\t\t\t\t<\/div>\n\t\t\t\t<div class=\"elementor-element elementor-element-1a53b66 elementor-icon-list--layout-traditional elementor-list-item-link-full_width elementor-widget elementor-widget-icon-list\" data-id=\"1a53b66\" data-element_type=\"widget\" data-e-type=\"widget\" data-widget_type=\"icon-list.default\">\n\t\t\t\t<div class=\"elementor-widget-container\">\n\t\t\t\t\t\t\t<ul class=\"elementor-icon-list-items\">\n\t\t\t\t\t\t\t<li class=\"elementor-icon-list-item\">\n\t\t\t\t\t\t\t\t\t\t\t<span class=\"elementor-icon-list-icon\">\n\t\t\t\t\t\t\t<i aria-hidden=\"true\" class=\"fas fa-dot-circle\"><\/i>\t\t\t\t\t\t<\/span>\n\t\t\t\t\t\t\t\t\t\t<span class=\"elementor-icon-list-text\">G\u00fcvenilirlik<\/span>\n\t\t\t\t\t\t\t\t\t<\/li>\n\t\t\t\t\t\t\t\t<li class=\"elementor-icon-list-item\">\n\t\t\t\t\t\t\t\t\t\t\t<span class=\"elementor-icon-list-icon\">\n\t\t\t\t\t\t\t<i aria-hidden=\"true\" class=\"fas fa-dot-circle\"><\/i>\t\t\t\t\t\t<\/span>\n\t\t\t\t\t\t\t\t\t\t<span class=\"elementor-icon-list-text\">Kalite ve Standart<\/span>\n\t\t\t\t\t\t\t\t\t<\/li>\n\t\t\t\t\t\t\t\t<li class=\"elementor-icon-list-item\">\n\t\t\t\t\t\t\t\t\t\t\t<span class=\"elementor-icon-list-icon\">\n\t\t\t\t\t\t\t<i aria-hidden=\"true\" class=\"fas fa-dot-circle\"><\/i>\t\t\t\t\t\t<\/span>\n\t\t\t\t\t\t\t\t\t\t<span class=\"elementor-icon-list-text\">Disiplin<\/span>\n\t\t\t\t\t\t\t\t\t<\/li>\n\t\t\t\t\t\t\t\t<li class=\"elementor-icon-list-item\">\n\t\t\t\t\t\t\t\t\t\t\t<span class=\"elementor-icon-list-icon\">\n\t\t\t\t\t\t\t<i aria-hidden=\"true\" class=\"fas fa-dot-circle\"><\/i>\t\t\t\t\t\t<\/span>\n\t\t\t\t\t\t\t\t\t\t<span class=\"elementor-icon-list-text\">\u015eeffafl\u0131k<\/span>\n\t\t\t\t\t\t\t\t\t<\/li>\n\t\t\t\t\t\t\t\t<li class=\"elementor-icon-list-item\">\n\t\t\t\t\t\t\t\t\t\t\t<span class=\"elementor-icon-list-icon\">\n\t\t\t\t\t\t\t<i aria-hidden=\"true\" class=\"fas fa-dot-circle\"><\/i>\t\t\t\t\t\t<\/span>\n\t\t\t\t\t\t\t\t\t\t<span class=\"elementor-icon-list-text\">Sorumluluk<\/span>\n\t\t\t\t\t\t\t\t\t<\/li>\n\t\t\t\t\t\t\t\t<li class=\"elementor-icon-list-item\">\n\t\t\t\t\t\t\t\t\t\t\t<span class=\"elementor-icon-list-icon\">\n\t\t\t\t\t\t\t<i aria-hidden=\"true\" class=\"fas fa-dot-circle\"><\/i>\t\t\t\t\t\t<\/span>\n\t\t\t\t\t\t\t\t\t\t<span class=\"elementor-icon-list-text\">Tak\u0131m \u00c7al\u0131\u015fmas\u0131<\/span>\n\t\t\t\t\t\t\t\t\t<\/li>\n\t\t\t\t\t\t\t\t<li class=\"elementor-icon-list-item\">\n\t\t\t\t\t\t\t\t\t\t\t<span class=\"elementor-icon-list-icon\">\n\t\t\t\t\t\t\t<i aria-hidden=\"true\" class=\"fas fa-dot-circle\"><\/i>\t\t\t\t\t\t<\/span>\n\t\t\t\t\t\t\t\t\t\t<span class=\"elementor-icon-list-text\">Yenilik\u00e7ilik ve Geli\u015fim<\/span>\n\t\t\t\t\t\t\t\t\t<\/li>\n\t\t\t\t\t\t<\/ul>\n\t\t\t\t\t\t<\/div>\n\t\t\t\t<\/div>\n\t\t\t\t\t<\/div>\n\t\t<\/div>\n\t\t\t\t\t<\/div>\n\t\t<\/section>\n\t\t\t\t\t<\/div>\n\t\t<\/div>\n\t\t\t\t\t<\/div>\n\t\t<\/section>\n\t\t\t\t<section class=\"elementor-section elementor-top-section elementor-element elementor-element-f0a8167 elementor-section-boxed elementor-section-height-default elementor-section-height-default\" data-id=\"f0a8167\" data-element_type=\"section\" data-e-type=\"section\">\n\t\t\t\t\t\t<div class=\"elementor-container elementor-column-gap-default\">\n\t\t\t\t\t<div class=\"elementor-column elementor-col-100 elementor-top-column elementor-element elementor-element-bb2290d\" data-id=\"bb2290d\" data-element_type=\"column\" data-e-type=\"column\">\n\t\t\t<div class=\"elementor-widget-wrap elementor-element-populated\">\n\t\t\t\t\t\t<div class=\"elementor-element elementor-element-ceb51a0 elementor-widget elementor-widget-spacer\" data-id=\"ceb51a0\" data-element_type=\"widget\" data-e-type=\"widget\" data-widget_type=\"spacer.default\">\n\t\t\t\t<div class=\"elementor-widget-container\">\n\t\t\t\t\t\t\t<div class=\"elementor-spacer\">\n\t\t\t<div class=\"elementor-spacer-inner\"><\/div>\n\t\t<\/div>\n\t\t\t\t\t\t<\/div>\n\t\t\t\t<\/div>\n\t\t\t\t\t<\/div>\n\t\t<\/div>\n\t\t\t\t\t<\/div>\n\t\t<\/section>\n\t\t\t\t<\/div>\n\t\t","protected":false},"excerpt":{"rendered":"<p>B\u0130Z\u0130 TANIYIN TAR\u0130H\u00c7EM\u0130Z Jeotermal enerji; yenilenebilir, s\u00fcrd\u00fcr\u00fclebilir, ucuz, \u00e7evre dostu, yerli, ye\u015fil ve do\u011fru kullan\u0131ld\u0131\u011f\u0131nda t\u00fckenmeyen bir enerji t\u00fcr\u00fcd\u00fcr. \u00dclkemiz jeotermal kaynaklar\u0131 bak\u0131m\u0131ndan olduk\u00e7a zengindir ancak bu kaynaklar bilin\u00e7sizce kullan\u0131lmaktad\u0131r. Son y\u0131llarda devlet kurumlar\u0131n\u0131n yakla\u015f\u0131mlar\u0131 ve m\u00fchendislik firmalar\u0131n\u0131n gayretleri ile bu kaynaklar daha da verimli kullan\u0131lmaya ba\u015flanm\u0131\u015ft\u0131r. Kozanlar Jeotermal olarak \u0131s\u0131tma projesi tasar\u0131m\u0131 ve \u00e7izimi,&hellip;&nbsp;<a href=\"https:\/\/kozanlarjeotermal.com.tr\/ru\/hakkimizda\/\" rel=\"bookmark\">\u041f\u043e\u0434\u0440\u043e\u0431\u043d\u0435\u0435 &raquo;<span class=\"screen-reader-text\">\u041e \u043d\u0430\u0441<\/span><\/a><\/p>","protected":false},"author":1,"featured_media":0,"parent":0,"menu_order":0,"comment_status":"closed","ping_status":"closed","template":"page-templates\/template-pagebuilder-full-width.php","meta":{"neve_meta_sidebar":"","neve_meta_container":"","neve_meta_enable_content_width":"","neve_meta_content_width":0,"neve_meta_title_alignment":"","neve_meta_author_avatar":"","neve_post_elements_order":"","neve_meta_disable_header":"","neve_meta_disable_footer":"","neve_meta_disable_title":"","footnotes":""},"class_list":["post-3491","page","type-page","status-publish","hentry"],"_links":{"self":[{"href":"https:\/\/kozanlarjeotermal.com.tr\/ru\/wp-json\/wp\/v2\/pages\/3491","targetHints":{"allow":["GET"]}}],"collection":[{"href":"https:\/\/kozanlarjeotermal.com.tr\/ru\/wp-json\/wp\/v2\/pages"}],"about":[{"href":"https:\/\/kozanlarjeotermal.com.tr\/ru\/wp-json\/wp\/v2\/types\/page"}],"author":[{"embeddable":true,"href":"https:\/\/kozanlarjeotermal.com.tr\/ru\/wp-json\/wp\/v2\/users\/1"}],"replies":[{"embeddable":true,"href":"https:\/\/kozanlarjeotermal.com.tr\/ru\/wp-json\/wp\/v2\/comments?post=3491"}],"version-history":[{"count":48,"href":"https:\/\/kozanlarjeotermal.com.tr\/ru\/wp-json\/wp\/v2\/pages\/3491\/revisions"}],"predecessor-version":[{"id":12460,"href":"https:\/\/kozanlarjeotermal.com.tr\/ru\/wp-json\/wp\/v2\/pages\/3491\/revisions\/12460"}],"wp:attachment":[{"href":"https:\/\/kozanlarjeotermal.com.tr\/ru\/wp-json\/wp\/v2\/media?parent=3491"}],"curies":[{"name":"wp","href":"https:\/\/api.w.org\/{rel}","templated":true}]}}